{"id":39,"date":"2025-07-11T11:29:14","date_gmt":"2025-07-11T11:29:14","guid":{"rendered":"https:\/\/unicontrol.rs\/index.php\/portfolio\/"},"modified":"2025-07-18T17:25:42","modified_gmt":"2025-07-18T17:25:42","slug":"portfolio","status":"publish","type":"page","link":"https:\/\/unicontrol.rs\/index.php\/portfolio\/","title":{"rendered":"Portfolio"},"content":{"rendered":"\t\t<div data-elementor-type=\"wp-page\" data-elementor-id=\"39\" class=\"elementor elementor-39\" data-elementor-post-type=\"page\">\n\t\t\t\t<div class=\"elementor-element elementor-element-63d34850 e-flex e-con-boxed e-con e-parent\" data-id=\"63d34850\" data-element_type=\"container\">\n\t\t\t\t\t<div class=\"e-con-inner\">\n\t\t\t\t<div class=\"elementor-element elementor-element-693a71ea elementor-widget elementor-widget-heading\" data-id=\"693a71ea\" data-element_type=\"widget\" data-widget_type=\"heading.default\">\n\t\t\t\t\t<h1 class=\"elementor-heading-title elementor-size-default\">Portfolio<\/h1>\t\t\t\t<\/div>\n\t\t\t\t<div class=\"elementor-element elementor-element-152ac140 elementor-widget elementor-widget-heading\" data-id=\"152ac140\" data-element_type=\"widget\" data-widget_type=\"heading.default\">\n\t\t\t\t\t<h5 class=\"elementor-heading-title elementor-size-default\">Upoznajte projekte koje smo realizovali u razli\u010ditim industrijama \u2013 od in\u017eenjerskih linija do naprednih automatizovanih sistema<\/h5>\t\t\t\t<\/div>\n\t\t\t\t\t<\/div>\n\t\t\t\t<\/div>\n\t\t<div class=\"elementor-element elementor-element-3abb1ed e-flex e-con-boxed e-con e-parent\" data-id=\"3abb1ed\" data-element_type=\"container\">\n\t\t\t\t\t<div class=\"e-con-inner\">\n\t\t<div class=\"elementor-element elementor-element-59bad8a e-con-full e-flex e-con e-child\" data-id=\"59bad8a\" data-element_type=\"container\">\n\t\t\t\t<div class=\"elementor-element elementor-element-4842eeb elementor-widget elementor-widget-heading\" data-id=\"4842eeb\" data-element_type=\"widget\" data-widget_type=\"heading.default\">\n\t\t\t\t\t<h2 class=\"elementor-heading-title elementor-size-default\"><a href=\"https:\/\/unicontrol.rs\/index.php\/forma-ideale\/\">Forma Ideale<\/a><\/h2>\t\t\t\t<\/div>\n\t\t\t\t<div class=\"elementor-element elementor-element-ad05bbe elementor-widget elementor-widget-image\" data-id=\"ad05bbe\" data-element_type=\"widget\" data-widget_type=\"image.default\">\n\t\t\t\t\t\t\t\t\t\t\t\t\t\t\t\t<a href=\"https:\/\/unicontrol.rs\/index.php\/forma-ideale\/\">\n\t\t\t\t\t\t\t<img fetchpriority=\"high\" decoding=\"async\" width=\"600\" height=\"450\" src=\"https:\/\/unicontrol.rs\/wp-content\/uploads\/2025\/07\/forma-ideale-unicontrol-websajt.jpg\" class=\"attachment-large size-large wp-image-93\" alt=\"\" srcset=\"https:\/\/unicontrol.rs\/wp-content\/uploads\/2025\/07\/forma-ideale-unicontrol-websajt.jpg 600w, https:\/\/unicontrol.rs\/wp-content\/uploads\/2025\/07\/forma-ideale-unicontrol-websajt-300x225.jpg 300w\" sizes=\"(max-width: 600px) 100vw, 600px\" \/>\t\t\t\t\t\t\t\t<\/a>\n\t\t\t\t\t\t\t\t\t\t\t\t\t\t\t<\/div>\n\t\t\t\t<\/div>\n\t\t<div class=\"elementor-element elementor-element-d0db1dc e-con-full e-flex e-con e-child\" data-id=\"d0db1dc\" data-element_type=\"container\">\n\t\t\t\t<div class=\"elementor-element elementor-element-bccd757 elementor-widget elementor-widget-heading\" data-id=\"bccd757\" data-element_type=\"widget\" data-widget_type=\"heading.default\">\n\t\t\t\t\t<h2 class=\"elementor-heading-title elementor-size-default\">Hemofarm<\/h2>\t\t\t\t<\/div>\n\t\t\t\t<div class=\"elementor-element elementor-element-912f452 elementor-widget elementor-widget-image\" data-id=\"912f452\" data-element_type=\"widget\" data-widget_type=\"image.default\">\n\t\t\t\t\t\t\t\t\t\t\t\t\t\t\t<img decoding=\"async\" src=\"https:\/\/unicontrol.rs\/wp-content\/plugins\/elementor\/assets\/images\/placeholder.png\" title=\"\" alt=\"\" loading=\"lazy\" \/>\t\t\t\t\t\t\t\t\t\t\t\t\t\t\t<\/div>\n\t\t\t\t<\/div>\n\t\t\t\t\t<\/div>\n\t\t\t\t<\/div>\n\t\t<div class=\"elementor-element elementor-element-5041b64 e-flex e-con-boxed e-con e-parent\" data-id=\"5041b64\" data-element_type=\"container\">\n\t\t\t\t\t<div class=\"e-con-inner\">\n\t\t\t\t<div class=\"elementor-element elementor-element-04cb0b1 elementor-widget elementor-widget-spacer\" data-id=\"04cb0b1\" data-element_type=\"widget\" data-widget_type=\"spacer.default\">\n\t\t\t\t\t\t\t<div class=\"elementor-spacer\">\n\t\t\t<div class=\"elementor-spacer-inner\"><\/div>\n\t\t<\/div>\n\t\t\t\t\t\t<\/div>\n\t\t\t\t\t<\/div>\n\t\t\t\t<\/div>\n\t\t<div class=\"elementor-element elementor-element-d7d7834 e-flex e-con-boxed e-con e-parent\" data-id=\"d7d7834\" data-element_type=\"container\">\n\t\t\t\t\t<div class=\"e-con-inner\">\n\t\t<div class=\"elementor-element elementor-element-0aa072c e-con-full e-flex e-con e-child\" data-id=\"0aa072c\" data-element_type=\"container\">\n\t\t\t\t<div class=\"elementor-element elementor-element-d081813 elementor-widget elementor-widget-heading\" data-id=\"d081813\" data-element_type=\"widget\" data-widget_type=\"heading.default\">\n\t\t\t\t\t<h2 class=\"elementor-heading-title elementor-size-default\"><a href=\"https:\/\/unicontrol.rs\/index.php\/bex\">Bex<\/a><\/h2>\t\t\t\t<\/div>\n\t\t\t\t<div class=\"elementor-element elementor-element-9a32237 elementor-widget elementor-widget-image\" data-id=\"9a32237\" data-element_type=\"widget\" data-widget_type=\"image.default\">\n\t\t\t\t\t\t\t\t\t\t\t\t\t\t\t\t<a href=\"https:\/\/unicontrol.rs\/index.php\/bex\">\n\t\t\t\t\t\t\t<img decoding=\"async\" width=\"600\" height=\"449\" src=\"https:\/\/unicontrol.rs\/wp-content\/uploads\/2025\/07\/bex-unicontrol.jpg\" class=\"attachment-large size-large wp-image-103\" alt=\"\" srcset=\"https:\/\/unicontrol.rs\/wp-content\/uploads\/2025\/07\/bex-unicontrol.jpg 600w, https:\/\/unicontrol.rs\/wp-content\/uploads\/2025\/07\/bex-unicontrol-300x225.jpg 300w\" sizes=\"(max-width: 600px) 100vw, 600px\" \/>\t\t\t\t\t\t\t\t<\/a>\n\t\t\t\t\t\t\t\t\t\t\t\t\t\t\t<\/div>\n\t\t\t\t<\/div>\n\t\t<div class=\"elementor-element elementor-element-bde317b e-con-full e-flex e-con e-child\" data-id=\"bde317b\" data-element_type=\"container\">\n\t\t\t\t<div class=\"elementor-element elementor-element-ec05cff elementor-widget elementor-widget-heading\" data-id=\"ec05cff\" data-element_type=\"widget\" data-widget_type=\"heading.default\">\n\t\t\t\t\t<h2 class=\"elementor-heading-title elementor-size-default\"><a href=\"https:\/\/unicontrol.rs\/index.php\/he-b-basta\/\">HE.B.Ba\u0161ta<\/a><\/h2>\t\t\t\t<\/div>\n\t\t\t\t<div class=\"elementor-element elementor-element-445d1a4 elementor-widget elementor-widget-image\" data-id=\"445d1a4\" data-element_type=\"widget\" data-widget_type=\"image.default\">\n\t\t\t\t\t\t\t\t\t\t\t\t\t\t\t\t<a href=\"https:\/\/unicontrol.rs\/index.php\/he-b-basta\/\">\n\t\t\t\t\t\t\t<img decoding=\"async\" width=\"600\" height=\"444\" src=\"https:\/\/unicontrol.rs\/wp-content\/uploads\/2025\/07\/20241108_105431.jpg\" class=\"attachment-large size-large wp-image-108\" alt=\"\" srcset=\"https:\/\/unicontrol.rs\/wp-content\/uploads\/2025\/07\/20241108_105431.jpg 600w, https:\/\/unicontrol.rs\/wp-content\/uploads\/2025\/07\/20241108_105431-300x222.jpg 300w\" sizes=\"(max-width: 600px) 100vw, 600px\" \/>\t\t\t\t\t\t\t\t<\/a>\n\t\t\t\t\t\t\t\t\t\t\t\t\t\t\t<\/div>\n\t\t\t\t<\/div>\n\t\t\t\t\t<\/div>\n\t\t\t\t<\/div>\n\t\t<div class=\"elementor-element elementor-element-056cac1 e-flex e-con-boxed e-con e-parent\" data-id=\"056cac1\" data-element_type=\"container\">\n\t\t\t\t\t<div class=\"e-con-inner\">\n\t\t\t\t<div class=\"elementor-element elementor-element-5f7da93 elementor-widget elementor-widget-spacer\" data-id=\"5f7da93\" data-element_type=\"widget\" data-widget_type=\"spacer.default\">\n\t\t\t\t\t\t\t<div class=\"elementor-spacer\">\n\t\t\t<div class=\"elementor-spacer-inner\"><\/div>\n\t\t<\/div>\n\t\t\t\t\t\t<\/div>\n\t\t\t\t\t<\/div>\n\t\t\t\t<\/div>\n\t\t<div class=\"elementor-element elementor-element-99f76f8 e-flex e-con-boxed e-con e-parent\" data-id=\"99f76f8\" data-element_type=\"container\">\n\t\t\t\t\t<div class=\"e-con-inner\">\n\t\t<div class=\"elementor-element elementor-element-341b727 e-con-full e-flex e-con e-child\" data-id=\"341b727\" data-element_type=\"container\">\n\t\t\t\t<div class=\"elementor-element elementor-element-e3d21c9 elementor-widget elementor-widget-heading\" data-id=\"e3d21c9\" data-element_type=\"widget\" data-widget_type=\"heading.default\">\n\t\t\t\t\t<h2 class=\"elementor-heading-title elementor-size-default\"><a href=\"https:\/\/unicontrol.rs\/index.php\/sava-coop-i\/\">SavaCoop I<\/a><\/h2>\t\t\t\t<\/div>\n\t\t\t\t<div class=\"elementor-element elementor-element-716d415 elementor-widget elementor-widget-image\" data-id=\"716d415\" data-element_type=\"widget\" data-widget_type=\"image.default\">\n\t\t\t\t\t\t\t\t\t\t\t\t\t\t\t\t<a href=\"https:\/\/unicontrol.rs\/index.php\/sava-coop-i\/\">\n\t\t\t\t\t\t\t<img loading=\"lazy\" decoding=\"async\" width=\"600\" height=\"465\" src=\"https:\/\/unicontrol.rs\/wp-content\/uploads\/2025\/07\/20241031_151341.jpg\" class=\"attachment-large size-large wp-image-114\" alt=\"\" srcset=\"https:\/\/unicontrol.rs\/wp-content\/uploads\/2025\/07\/20241031_151341.jpg 600w, https:\/\/unicontrol.rs\/wp-content\/uploads\/2025\/07\/20241031_151341-300x233.jpg 300w\" sizes=\"(max-width: 600px) 100vw, 600px\" \/>\t\t\t\t\t\t\t\t<\/a>\n\t\t\t\t\t\t\t\t\t\t\t\t\t\t\t<\/div>\n\t\t\t\t<\/div>\n\t\t<div class=\"elementor-element elementor-element-a89f139 e-con-full e-flex e-con e-child\" data-id=\"a89f139\" data-element_type=\"container\">\n\t\t\t\t<div class=\"elementor-element elementor-element-7fa138c elementor-widget elementor-widget-heading\" data-id=\"7fa138c\" data-element_type=\"widget\" data-widget_type=\"heading.default\">\n\t\t\t\t\t<h2 class=\"elementor-heading-title elementor-size-default\"><a href=\"https:\/\/unicontrol.rs\/index.php\/sava-coop-ii\/\">SavaCoop II<\/a><\/h2>\t\t\t\t<\/div>\n\t\t\t\t<div class=\"elementor-element elementor-element-f83325a elementor-widget elementor-widget-image\" data-id=\"f83325a\" data-element_type=\"widget\" data-widget_type=\"image.default\">\n\t\t\t\t\t\t\t\t\t\t\t\t\t\t\t\t<a href=\"https:\/\/unicontrol.rs\/index.php\/sava-coop-ii\/\">\n\t\t\t\t\t\t\t<img loading=\"lazy\" decoding=\"async\" width=\"600\" height=\"465\" src=\"https:\/\/unicontrol.rs\/wp-content\/uploads\/2025\/07\/20250512_121628-1.jpg\" class=\"attachment-large size-large wp-image-125\" alt=\"\" srcset=\"https:\/\/unicontrol.rs\/wp-content\/uploads\/2025\/07\/20250512_121628-1.jpg 600w, https:\/\/unicontrol.rs\/wp-content\/uploads\/2025\/07\/20250512_121628-1-300x233.jpg 300w\" sizes=\"(max-width: 600px) 100vw, 600px\" \/>\t\t\t\t\t\t\t\t<\/a>\n\t\t\t\t\t\t\t\t\t\t\t\t\t\t\t<\/div>\n\t\t\t\t<\/div>\n\t\t\t\t\t<\/div>\n\t\t\t\t<\/div>\n\t\t<div class=\"elementor-element elementor-element-3648291 e-flex e-con-boxed e-con e-parent\" data-id=\"3648291\" data-element_type=\"container\">\n\t\t\t\t\t<div class=\"e-con-inner\">\n\t\t\t\t<div class=\"elementor-element elementor-element-4557c48 elementor-widget elementor-widget-spacer\" data-id=\"4557c48\" data-element_type=\"widget\" data-widget_type=\"spacer.default\">\n\t\t\t\t\t\t\t<div class=\"elementor-spacer\">\n\t\t\t<div class=\"elementor-spacer-inner\"><\/div>\n\t\t<\/div>\n\t\t\t\t\t\t<\/div>\n\t\t\t\t\t<\/div>\n\t\t\t\t<\/div>\n\t\t<div class=\"elementor-element elementor-element-afe4c01 e-flex e-con-boxed e-con e-parent\" data-id=\"afe4c01\" data-element_type=\"container\">\n\t\t\t\t\t<div class=\"e-con-inner\">\n\t\t<div class=\"elementor-element elementor-element-45e08e4 e-con-full e-flex e-con e-child\" data-id=\"45e08e4\" data-element_type=\"container\">\n\t\t\t\t<div class=\"elementor-element elementor-element-803320c elementor-widget elementor-widget-heading\" data-id=\"803320c\" data-element_type=\"widget\" data-widget_type=\"heading.default\">\n\t\t\t\t\t<h2 class=\"elementor-heading-title elementor-size-default\"><a href=\"https:\/\/unicontrol.rs\/index.php\/cards-print-2\/\">Cards Print<\/a><\/h2>\t\t\t\t<\/div>\n\t\t\t\t<div class=\"elementor-element elementor-element-9c9540b elementor-widget elementor-widget-image\" data-id=\"9c9540b\" data-element_type=\"widget\" data-widget_type=\"image.default\">\n\t\t\t\t\t\t\t\t\t\t\t\t\t\t\t\t<a href=\"https:\/\/unicontrol.rs\/index.php\/cards-print-2\/\">\n\t\t\t\t\t\t\t<img fetchpriority=\"high\" decoding=\"async\" width=\"600\" height=\"450\" src=\"https:\/\/unicontrol.rs\/wp-content\/uploads\/2025\/07\/forma-ideale-unicontrol-websajt.jpg\" class=\"attachment-large size-large wp-image-93\" alt=\"\" srcset=\"https:\/\/unicontrol.rs\/wp-content\/uploads\/2025\/07\/forma-ideale-unicontrol-websajt.jpg 600w, https:\/\/unicontrol.rs\/wp-content\/uploads\/2025\/07\/forma-ideale-unicontrol-websajt-300x225.jpg 300w\" sizes=\"(max-width: 600px) 100vw, 600px\" \/>\t\t\t\t\t\t\t\t<\/a>\n\t\t\t\t\t\t\t\t\t\t\t\t\t\t\t<\/div>\n\t\t\t\t<\/div>\n\t\t<div class=\"elementor-element elementor-element-f570349 e-con-full e-flex e-con e-child\" data-id=\"f570349\" data-element_type=\"container\">\n\t\t\t\t<\/div>\n\t\t\t\t\t<\/div>\n\t\t\t\t<\/div>\n\t\t<div class=\"elementor-element elementor-element-f57a909 e-con-full e-flex e-con e-parent\" data-id=\"f57a909\" data-element_type=\"container\" data-settings=\"{&quot;background_background&quot;:&quot;classic&quot;}\">\n\t\t<div class=\"elementor-element elementor-element-14bb2cb1 e-con-full e-flex e-con e-child\" data-id=\"14bb2cb1\" data-element_type=\"container\">\n\t\t\t\t<div class=\"elementor-element elementor-element-7cddb57a elementor-widget elementor-widget-heading\" data-id=\"7cddb57a\" data-element_type=\"widget\" data-widget_type=\"heading.default\">\n\t\t\t\t\t<h2 class=\"elementor-heading-title elementor-size-default\">Va\u0161 projekat mo\u017ee biti slede\u0107i uspe\u0161an primer.<\/h2>\t\t\t\t<\/div>\n\t\t\t\t<div class=\"elementor-element elementor-element-5e1de9f7 elementor-widget elementor-widget-text-editor\" data-id=\"5e1de9f7\" data-element_type=\"widget\" data-widget_type=\"text-editor.default\">\n\t\t\t\t\t\t\t\t\t<p class=\"p1\"><b>Pi\u0161ite nam i zajedno \u0107emo prona\u0107i najbolje re\u0161enje za va\u0161 proces.<\/b><\/p><p>\u00a0<\/p>\t\t\t\t\t\t\t\t<\/div>\n\t\t\t\t<\/div>\n\t\t<div class=\"elementor-element elementor-element-3231a33b e-con-full e-flex e-con e-child\" data-id=\"3231a33b\" data-element_type=\"container\">\n\t\t\t\t<div class=\"elementor-element elementor-element-3bebec3c elementor-widget elementor-widget-image\" data-id=\"3bebec3c\" data-element_type=\"widget\" data-widget_type=\"image.default\">\n\t\t\t\t\t\t\t\t\t\t\t\t\t\t\t<img loading=\"lazy\" decoding=\"async\" width=\"395\" height=\"124\" src=\"https:\/\/unicontrol.rs\/wp-content\/uploads\/2025\/07\/UniControl-png.png\" class=\"attachment-full size-full wp-image-133\" alt=\"\" srcset=\"https:\/\/unicontrol.rs\/wp-content\/uploads\/2025\/07\/UniControl-png.png 395w, https:\/\/unicontrol.rs\/wp-content\/uploads\/2025\/07\/UniControl-png-300x94.png 300w\" sizes=\"(max-width: 395px) 100vw, 395px\" \/>\t\t\t\t\t\t\t\t\t\t\t\t\t\t\t<\/div>\n\t\t\t\t<\/div>\n\t\t\t\t<\/div>\n\t\t<div class=\"elementor-element elementor-element-6a78032 e-flex e-con-boxed e-con e-parent\" data-id=\"6a78032\" data-element_type=\"container\">\n\t\t\t\t\t<div class=\"e-con-inner\">\n\t\t\t\t<div class=\"elementor-element elementor-element-5bb73fdf elementor-align-center elementor-mobile-align-center elementor-invisible elementor-widget elementor-widget-button\" data-id=\"5bb73fdf\" data-element_type=\"widget\" data-settings=\"{&quot;_animation&quot;:&quot;fadeInDown&quot;}\" data-widget_type=\"button.default\">\n\t\t\t\t\t\t\t\t\t\t<a class=\"elementor-button elementor-button-link elementor-size-sm\" href=\"https:\/\/unicontrol.rs\/index.php\/contact\/\">\n\t\t\t\t\t\t<span class=\"elementor-button-content-wrapper\">\n\t\t\t\t\t\t\t\t\t<span class=\"elementor-button-text\">Kontaktirajte nas<\/span>\n\t\t\t\t\t<\/span>\n\t\t\t\t\t<\/a>\n\t\t\t\t\t\t\t\t<\/div>\n\t\t\t\t\t<\/div>\n\t\t\t\t<\/div>\n\t\t\t\t<\/div>\n\t\t","protected":false},"excerpt":{"rendered":"<p>Portfolio Upoznajte projekte koje smo realizovali u razli\u010ditim industrijama \u2013 od in\u017eenjerskih linija do naprednih automatizovanih sistema Forma Ideale Hemofarm Bex HE.B.Ba\u0161ta SavaCoop I SavaCoop II Cards Print Va\u0161 projekat mo\u017ee biti slede\u0107i uspe\u0161an primer. Pi\u0161ite nam i zajedno \u0107emo prona\u0107i najbolje re\u0161enje za va\u0161 proces. \u00a0 Kontaktirajte nas<\/p>\n","protected":false},"author":1,"featured_media":0,"parent":0,"menu_order":0,"comment_status":"closed","ping_status":"closed","template":"elementor_header_footer","meta":{"footnotes":""},"class_list":["post-39","page","type-page","status-publish","hentry","entry"],"_links":{"self":[{"href":"https:\/\/unicontrol.rs\/index.php\/wp-json\/wp\/v2\/pages\/39","targetHints":{"allow":["GET"]}}],"collection":[{"href":"https:\/\/unicontrol.rs\/index.php\/wp-json\/wp\/v2\/pages"}],"about":[{"href":"https:\/\/unicontrol.rs\/index.php\/wp-json\/wp\/v2\/types\/page"}],"author":[{"embeddable":true,"href":"https:\/\/unicontrol.rs\/index.php\/wp-json\/wp\/v2\/users\/1"}],"replies":[{"embeddable":true,"href":"https:\/\/unicontrol.rs\/index.php\/wp-json\/wp\/v2\/comments?post=39"}],"version-history":[{"count":94,"href":"https:\/\/unicontrol.rs\/index.php\/wp-json\/wp\/v2\/pages\/39\/revisions"}],"predecessor-version":[{"id":605,"href":"https:\/\/unicontrol.rs\/index.php\/wp-json\/wp\/v2\/pages\/39\/revisions\/605"}],"wp:attachment":[{"href":"https:\/\/unicontrol.rs\/index.php\/wp-json\/wp\/v2\/media?parent=39"}],"curies":[{"name":"wp","href":"https:\/\/api.w.org\/{rel}","templated":true}]}}