{"id":317,"date":"2025-07-15T20:16:45","date_gmt":"2025-07-15T20:16:45","guid":{"rendered":"https:\/\/unicontrol.rs\/?page_id=317"},"modified":"2025-07-18T16:31:42","modified_gmt":"2025-07-18T16:31:42","slug":"sava-coop-ii","status":"publish","type":"page","link":"https:\/\/unicontrol.rs\/index.php\/sava-coop-ii\/","title":{"rendered":"Sava COOP II"},"content":{"rendered":"\t\t<div data-elementor-type=\"wp-page\" data-elementor-id=\"317\" class=\"elementor elementor-317\" data-elementor-post-type=\"page\">\n\t\t\t\t<div class=\"elementor-element elementor-element-49d1efd e-flex e-con-boxed e-con e-parent\" data-id=\"49d1efd\" data-element_type=\"container\">\n\t\t\t\t\t<div class=\"e-con-inner\">\n\t\t\t\t<div class=\"elementor-element elementor-element-96a0c8c elementor-widget elementor-widget-heading\" data-id=\"96a0c8c\" data-element_type=\"widget\" data-widget_type=\"heading.default\">\n\t\t\t\t\t<h2 class=\"elementor-heading-title elementor-size-default\">Sava COOP \u2013 Sistem za doziranje semena u d\u017eambo vre\u0107e<\/h2>\t\t\t\t<\/div>\n\t\t\t\t\t<\/div>\n\t\t\t\t<\/div>\n\t\t<div class=\"elementor-element elementor-element-7206a2d e-flex e-con-boxed e-con e-parent\" data-id=\"7206a2d\" data-element_type=\"container\">\n\t\t\t\t\t<div class=\"e-con-inner\">\n\t\t\t\t<div class=\"elementor-element elementor-element-26025e5 elementor-widget elementor-widget-spacer\" data-id=\"26025e5\" data-element_type=\"widget\" data-widget_type=\"spacer.default\">\n\t\t\t\t\t\t\t<div class=\"elementor-spacer\">\n\t\t\t<div class=\"elementor-spacer-inner\"><\/div>\n\t\t<\/div>\n\t\t\t\t\t\t<\/div>\n\t\t\t\t\t<\/div>\n\t\t\t\t<\/div>\n\t\t<div class=\"elementor-element elementor-element-2c13523 e-flex e-con-boxed e-con e-parent\" data-id=\"2c13523\" data-element_type=\"container\">\n\t\t\t\t\t<div class=\"e-con-inner\">\n\t\t<div class=\"elementor-element elementor-element-e18bab1 e-con-full e-flex e-con e-child\" data-id=\"e18bab1\" data-element_type=\"container\">\n\t\t\t\t<div class=\"elementor-element elementor-element-d43aa50 elementor-widget elementor-widget-text-editor\" data-id=\"d43aa50\" data-element_type=\"widget\" data-widget_type=\"text-editor.default\">\n\t\t\t\t\t\t\t\t\t<p class=\"p1\">U okviru ovog projekta razvijen je <span class=\"s1\"><b>automatizovani sistem za precizno doziranje semena u d\u017eambo vre\u0107e<\/b><\/span>, sa ciljem postizanja ta\u010dnosti, pouzdanosti i visoke efikasnosti u radu \u2013 u skladu sa zahtevima industrijskog okru\u017eenja.<\/p>\t\t\t\t\t\t\t\t<\/div>\n\t\t\t\t<\/div>\n\t\t<div class=\"elementor-element elementor-element-dc177c2 e-con-full e-flex e-con e-child\" data-id=\"dc177c2\" data-element_type=\"container\">\n\t\t\t\t<div class=\"elementor-element elementor-element-da8e9f2 elementor-widget elementor-widget-image\" data-id=\"da8e9f2\" data-element_type=\"widget\" data-widget_type=\"image.default\">\n\t\t\t\t\t\t\t\t\t\t\t\t\t\t\t<img fetchpriority=\"high\" decoding=\"async\" width=\"1024\" height=\"824\" src=\"https:\/\/unicontrol.rs\/wp-content\/uploads\/2025\/07\/unicontro-savaaaii-1.jpg\" class=\"attachment-large size-large wp-image-576\" alt=\"\" srcset=\"https:\/\/unicontrol.rs\/wp-content\/uploads\/2025\/07\/unicontro-savaaaii-1.jpg 1024w, https:\/\/unicontrol.rs\/wp-content\/uploads\/2025\/07\/unicontro-savaaaii-1-300x241.jpg 300w, https:\/\/unicontrol.rs\/wp-content\/uploads\/2025\/07\/unicontro-savaaaii-1-768x618.jpg 768w\" sizes=\"(max-width: 1024px) 100vw, 1024px\" \/>\t\t\t\t\t\t\t\t\t\t\t\t\t\t\t<\/div>\n\t\t\t\t<\/div>\n\t\t\t\t\t<\/div>\n\t\t\t\t<\/div>\n\t\t<div class=\"elementor-element elementor-element-0f7cf1a e-flex e-con-boxed e-con e-parent\" data-id=\"0f7cf1a\" data-element_type=\"container\">\n\t\t\t\t\t<div class=\"e-con-inner\">\n\t\t\t\t<div class=\"elementor-element elementor-element-88b57bb elementor-widget elementor-widget-spacer\" data-id=\"88b57bb\" data-element_type=\"widget\" data-widget_type=\"spacer.default\">\n\t\t\t\t\t\t\t<div class=\"elementor-spacer\">\n\t\t\t<div class=\"elementor-spacer-inner\"><\/div>\n\t\t<\/div>\n\t\t\t\t\t\t<\/div>\n\t\t\t\t\t<\/div>\n\t\t\t\t<\/div>\n\t\t<div class=\"elementor-element elementor-element-444107d e-flex e-con-boxed e-con e-parent\" data-id=\"444107d\" data-element_type=\"container\">\n\t\t\t\t\t<div class=\"e-con-inner\">\n\t\t<div class=\"elementor-element elementor-element-54556c8 e-con-full e-flex e-con e-child\" data-id=\"54556c8\" data-element_type=\"container\">\n\t\t\t\t<div class=\"elementor-element elementor-element-4933608 elementor-widget elementor-widget-heading\" data-id=\"4933608\" data-element_type=\"widget\" data-widget_type=\"heading.default\">\n\t\t\t\t\t<h2 class=\"elementor-heading-title elementor-size-default\">Ma\u0161inski deo:<\/h2>\t\t\t\t<\/div>\n\t\t\t\t<div class=\"elementor-element elementor-element-32f331e elementor-widget elementor-widget-text-editor\" data-id=\"32f331e\" data-element_type=\"widget\" data-widget_type=\"text-editor.default\">\n\t\t\t\t\t\t\t\t\t<p class=\"p1\">Dozator za precizno i kontrolisano ispu\u0161tanje semena<\/p><p class=\"p1\">Prelazni elementi za povezivanje sistema<\/p><p class=\"p1\">Nosiva konstrukcija i nosa\u010di d\u017eambo vre\u0107a sa mehanizmima za stabilizaciju<\/p><p class=\"p1\">3D modeliranje i dokumentacija<\/p>\t\t\t\t\t\t\t\t<\/div>\n\t\t\t\t<\/div>\n\t\t<div class=\"elementor-element elementor-element-d34c159 e-con-full e-flex e-con e-child\" data-id=\"d34c159\" data-element_type=\"container\">\n\t\t\t\t<div class=\"elementor-element elementor-element-d9cf892 elementor-widget elementor-widget-image\" data-id=\"d9cf892\" data-element_type=\"widget\" data-widget_type=\"image.default\">\n\t\t\t\t\t\t\t\t\t\t\t\t\t\t\t<img decoding=\"async\" width=\"1024\" height=\"885\" src=\"https:\/\/unicontrol.rs\/wp-content\/uploads\/2025\/07\/sava-coopii-222.jpg\" class=\"attachment-large size-large wp-image-578\" alt=\"\" srcset=\"https:\/\/unicontrol.rs\/wp-content\/uploads\/2025\/07\/sava-coopii-222.jpg 1024w, https:\/\/unicontrol.rs\/wp-content\/uploads\/2025\/07\/sava-coopii-222-300x259.jpg 300w, https:\/\/unicontrol.rs\/wp-content\/uploads\/2025\/07\/sava-coopii-222-768x664.jpg 768w\" sizes=\"(max-width: 1024px) 100vw, 1024px\" \/>\t\t\t\t\t\t\t\t\t\t\t\t\t\t\t<\/div>\n\t\t\t\t<\/div>\n\t\t<div class=\"elementor-element elementor-element-d95a29f e-con-full e-flex e-con e-child\" data-id=\"d95a29f\" data-element_type=\"container\">\n\t\t\t\t<div class=\"elementor-element elementor-element-1f5e761 elementor-widget elementor-widget-video\" data-id=\"1f5e761\" data-element_type=\"widget\" data-settings=\"{&quot;youtube_url&quot;:&quot;https:\\\/\\\/www.youtube.com\\\/watch?v=XHOmBV4js_E&quot;,&quot;video_type&quot;:&quot;youtube&quot;,&quot;controls&quot;:&quot;yes&quot;}\" data-widget_type=\"video.default\">\n\t\t\t\t\t\t\t<div class=\"elementor-wrapper elementor-open-inline\">\n\t\t\t<div class=\"elementor-video\"><\/div>\t\t<\/div>\n\t\t\t\t\t\t<\/div>\n\t\t\t\t<\/div>\n\t\t\t\t\t<\/div>\n\t\t\t\t<\/div>\n\t\t<div class=\"elementor-element elementor-element-4e085be e-flex e-con-boxed e-con e-parent\" data-id=\"4e085be\" data-element_type=\"container\">\n\t\t\t\t\t<div class=\"e-con-inner\">\n\t\t\t\t<div class=\"elementor-element elementor-element-92dfbab elementor-widget elementor-widget-spacer\" data-id=\"92dfbab\" data-element_type=\"widget\" data-widget_type=\"spacer.default\">\n\t\t\t\t\t\t\t<div class=\"elementor-spacer\">\n\t\t\t<div class=\"elementor-spacer-inner\"><\/div>\n\t\t<\/div>\n\t\t\t\t\t\t<\/div>\n\t\t\t\t\t<\/div>\n\t\t\t\t<\/div>\n\t\t<div class=\"elementor-element elementor-element-37eed63 e-flex e-con-boxed e-con e-parent\" data-id=\"37eed63\" data-element_type=\"container\">\n\t\t\t\t\t<div class=\"e-con-inner\">\n\t\t\t\t<div class=\"elementor-element elementor-element-0b282b8 elementor-widget elementor-widget-heading\" data-id=\"0b282b8\" data-element_type=\"widget\" data-widget_type=\"heading.default\">\n\t\t\t\t\t<h2 class=\"elementor-heading-title elementor-size-default\">\u2699\ufe0f Automatizacija i elektro sistem:<\/h2>\t\t\t\t<\/div>\n\t\t\t\t<div class=\"elementor-element elementor-element-263e445 elementor-widget elementor-widget-text-editor\" data-id=\"263e445\" data-element_type=\"widget\" data-widget_type=\"text-editor.default\">\n\t\t\t\t\t\t\t\t\t<p class=\"p1\">Precizan vagarski sistem<\/p><p class=\"p1\">PLC i HMI za lokalno upravljanje<\/p><p class=\"p1\">Programiranje logike i korisni\u010dkog interfejsa<\/p><p class=\"p1\">\u0160emiranje, povezivanje i testiranje periferija<\/p>\t\t\t\t\t\t\t\t<\/div>\n\t\t\t\t\t<\/div>\n\t\t\t\t<\/div>\n\t\t<div class=\"elementor-element elementor-element-5a35490 e-flex e-con-boxed e-con e-parent\" data-id=\"5a35490\" data-element_type=\"container\">\n\t\t\t\t\t<div class=\"e-con-inner\">\n\t\t\t\t<div class=\"elementor-element elementor-element-29ed58f elementor-widget elementor-widget-text-editor\" data-id=\"29ed58f\" data-element_type=\"widget\" data-widget_type=\"text-editor.default\">\n\t\t\t\t\t\t\t\t\t<blockquote><i>Projekat je jo\u0161 jedna potvrda stru\u010dnosti na\u0161eg tima u industrijskoj automatizaciji i re\u0161enjima za poljoprivrednu i prehrambenu industriju.<\/i><\/blockquote>\t\t\t\t\t\t\t\t<\/div>\n\t\t\t\t\t<\/div>\n\t\t\t\t<\/div>\n\t\t\t\t<\/div>\n\t\t","protected":false},"excerpt":{"rendered":"<p>Sava COOP \u2013 Sistem za doziranje semena u d\u017eambo vre\u0107e U okviru ovog projekta razvijen je automatizovani sistem za precizno doziranje semena u d\u017eambo vre\u0107e, sa ciljem postizanja ta\u010dnosti, pouzdanosti i visoke efikasnosti u radu \u2013 u skladu sa zahtevima industrijskog okru\u017eenja. Ma\u0161inski deo: Dozator za precizno i kontrolisano ispu\u0161tanje semena Prelazni elementi za povezivanje [&hellip;]<\/p>\n","protected":false},"author":1,"featured_media":0,"parent":0,"menu_order":0,"comment_status":"closed","ping_status":"closed","template":"elementor_header_footer","meta":{"footnotes":""},"class_list":["post-317","page","type-page","status-publish","hentry","entry"],"_links":{"self":[{"href":"https:\/\/unicontrol.rs\/index.php\/wp-json\/wp\/v2\/pages\/317","targetHints":{"allow":["GET"]}}],"collection":[{"href":"https:\/\/unicontrol.rs\/index.php\/wp-json\/wp\/v2\/pages"}],"about":[{"href":"https:\/\/unicontrol.rs\/index.php\/wp-json\/wp\/v2\/types\/page"}],"author":[{"embeddable":true,"href":"https:\/\/unicontrol.rs\/index.php\/wp-json\/wp\/v2\/users\/1"}],"replies":[{"embeddable":true,"href":"https:\/\/unicontrol.rs\/index.php\/wp-json\/wp\/v2\/comments?post=317"}],"version-history":[{"count":10,"href":"https:\/\/unicontrol.rs\/index.php\/wp-json\/wp\/v2\/pages\/317\/revisions"}],"predecessor-version":[{"id":581,"href":"https:\/\/unicontrol.rs\/index.php\/wp-json\/wp\/v2\/pages\/317\/revisions\/581"}],"wp:attachment":[{"href":"https:\/\/unicontrol.rs\/index.php\/wp-json\/wp\/v2\/media?parent=317"}],"curies":[{"name":"wp","href":"https:\/\/api.w.org\/{rel}","templated":true}]}}