{"id":312,"date":"2025-07-15T20:16:16","date_gmt":"2025-07-15T20:16:16","guid":{"rendered":"https:\/\/unicontrol.rs\/?page_id=312"},"modified":"2025-07-18T16:06:37","modified_gmt":"2025-07-18T16:06:37","slug":"sava-coop-i","status":"publish","type":"page","link":"https:\/\/unicontrol.rs\/index.php\/sava-coop-i\/","title":{"rendered":"Sava COOP I"},"content":{"rendered":"\t\t<div data-elementor-type=\"wp-page\" data-elementor-id=\"312\" class=\"elementor elementor-312\" data-elementor-post-type=\"page\">\n\t\t\t\t<div class=\"elementor-element elementor-element-8919d9e e-flex e-con-boxed e-con e-parent\" data-id=\"8919d9e\" data-element_type=\"container\">\n\t\t\t\t\t<div class=\"e-con-inner\">\n\t\t\t\t<div class=\"elementor-element elementor-element-87282b8 elementor-widget elementor-widget-heading\" data-id=\"87282b8\" data-element_type=\"widget\" data-widget_type=\"heading.default\">\n\t\t\t\t\t<h2 class=\"elementor-heading-title elementor-size-default\">Sava COOP \u2013 Linija za me\u0161anje semenskog kukuruza<\/h2>\t\t\t\t<\/div>\n\t\t\t\t\t<\/div>\n\t\t\t\t<\/div>\n\t\t<div class=\"elementor-element elementor-element-0fb466c e-flex e-con-boxed e-con e-parent\" data-id=\"0fb466c\" data-element_type=\"container\">\n\t\t\t\t\t<div class=\"e-con-inner\">\n\t\t\t\t<div class=\"elementor-element elementor-element-e06ff29 elementor-widget elementor-widget-spacer\" data-id=\"e06ff29\" data-element_type=\"widget\" data-widget_type=\"spacer.default\">\n\t\t\t\t\t\t\t<div class=\"elementor-spacer\">\n\t\t\t<div class=\"elementor-spacer-inner\"><\/div>\n\t\t<\/div>\n\t\t\t\t\t\t<\/div>\n\t\t\t\t\t<\/div>\n\t\t\t\t<\/div>\n\t\t<div class=\"elementor-element elementor-element-bf0a0a3 e-flex e-con-boxed e-con e-parent\" data-id=\"bf0a0a3\" data-element_type=\"container\">\n\t\t\t\t\t<div class=\"e-con-inner\">\n\t\t<div class=\"elementor-element elementor-element-1325074 e-con-full e-flex e-con e-child\" data-id=\"1325074\" data-element_type=\"container\">\n\t\t\t\t<div class=\"elementor-element elementor-element-786c558 elementor-widget elementor-widget-text-editor\" data-id=\"786c558\" data-element_type=\"widget\" data-widget_type=\"text-editor.default\">\n\t\t\t\t\t\t\t\t\t<p class=\"p1\">Za potrebe specifi\u010dnog procesa u preradi semenskog kukuruza, razvili smo <span class=\"s1\"><b>kompletnu liniju za me\u0161anje dva tipa semena<\/b><\/span>, u potpunosti prilago\u0111enu tehnolo\u0161kim zahtevima naru\u010dioca. Projekat je realizovan po sistemu <i>\u201eklju\u010d u ruke\u201c<\/i> \u2013 od idejnog re\u0161enja do funkcionalnog pogona.<\/p>\t\t\t\t\t\t\t\t<\/div>\n\t\t\t\t<\/div>\n\t\t<div class=\"elementor-element elementor-element-516f21f e-con-full e-flex e-con e-child\" data-id=\"516f21f\" data-element_type=\"container\">\n\t\t\t\t<div class=\"elementor-element elementor-element-3774318 elementor-widget elementor-widget-image\" data-id=\"3774318\" data-element_type=\"widget\" data-widget_type=\"image.default\">\n\t\t\t\t\t\t\t\t\t\t\t\t\t\t\t<img fetchpriority=\"high\" decoding=\"async\" width=\"1024\" height=\"813\" src=\"https:\/\/unicontrol.rs\/wp-content\/uploads\/2025\/07\/sava-coop-1024.jpg\" class=\"attachment-large size-large wp-image-540\" alt=\"\" srcset=\"https:\/\/unicontrol.rs\/wp-content\/uploads\/2025\/07\/sava-coop-1024.jpg 1024w, https:\/\/unicontrol.rs\/wp-content\/uploads\/2025\/07\/sava-coop-1024-300x238.jpg 300w, https:\/\/unicontrol.rs\/wp-content\/uploads\/2025\/07\/sava-coop-1024-768x610.jpg 768w\" sizes=\"(max-width: 1024px) 100vw, 1024px\" \/>\t\t\t\t\t\t\t\t\t\t\t\t\t\t\t<\/div>\n\t\t\t\t<\/div>\n\t\t\t\t\t<\/div>\n\t\t\t\t<\/div>\n\t\t<div class=\"elementor-element elementor-element-b02c40e e-flex e-con-boxed e-con e-parent\" data-id=\"b02c40e\" data-element_type=\"container\">\n\t\t\t\t\t<div class=\"e-con-inner\">\n\t\t\t\t<div class=\"elementor-element elementor-element-ed6daf7 elementor-widget elementor-widget-spacer\" data-id=\"ed6daf7\" data-element_type=\"widget\" data-widget_type=\"spacer.default\">\n\t\t\t\t\t\t\t<div class=\"elementor-spacer\">\n\t\t\t<div class=\"elementor-spacer-inner\"><\/div>\n\t\t<\/div>\n\t\t\t\t\t\t<\/div>\n\t\t\t\t\t<\/div>\n\t\t\t\t<\/div>\n\t\t<div class=\"elementor-element elementor-element-625752d e-flex e-con-boxed e-con e-parent\" data-id=\"625752d\" data-element_type=\"container\">\n\t\t\t\t\t<div class=\"e-con-inner\">\n\t\t<div class=\"elementor-element elementor-element-9cb1bbd e-con-full e-flex e-con e-child\" data-id=\"9cb1bbd\" data-element_type=\"container\">\n\t\t\t\t<div class=\"elementor-element elementor-element-a64c484 elementor-widget elementor-widget-heading\" data-id=\"a64c484\" data-element_type=\"widget\" data-widget_type=\"heading.default\">\n\t\t\t\t\t<h2 class=\"elementor-heading-title elementor-size-default\">Ma\u0161inski deo:<\/h2>\t\t\t\t<\/div>\n\t\t\t\t<div class=\"elementor-element elementor-element-dada7b0 elementor-widget elementor-widget-text-editor\" data-id=\"dada7b0\" data-element_type=\"widget\" data-widget_type=\"text-editor.default\">\n\t\t\t\t\t\t\t\t\t<p class=\"p1\">\u00a0Projektovanje sistema za dopremu, doziranje, merenje, me\u0161anje i pakovanje<\/p><p class=\"p1\">3D modelovanje za testiranje protoka i funkcionalnosti<\/p><p class=\"p1\">Kompletna radioni\u010dka i tehni\u010dka dokumentacija<\/p><p class=\"p1\">\u00a0<\/p>\t\t\t\t\t\t\t\t<\/div>\n\t\t\t\t<\/div>\n\t\t<div class=\"elementor-element elementor-element-b947910 e-con-full e-flex e-con e-child\" data-id=\"b947910\" data-element_type=\"container\">\n\t\t\t\t<div class=\"elementor-element elementor-element-5f710d2 elementor-widget elementor-widget-image\" data-id=\"5f710d2\" data-element_type=\"widget\" data-widget_type=\"image.default\">\n\t\t\t\t\t\t\t\t\t\t\t\t\t\t\t<img decoding=\"async\" width=\"1024\" height=\"891\" src=\"https:\/\/unicontrol.rs\/wp-content\/uploads\/2025\/07\/sava-coop-1-edit-2.jpg\" class=\"attachment-large size-large wp-image-544\" alt=\"\" srcset=\"https:\/\/unicontrol.rs\/wp-content\/uploads\/2025\/07\/sava-coop-1-edit-2.jpg 1024w, https:\/\/unicontrol.rs\/wp-content\/uploads\/2025\/07\/sava-coop-1-edit-2-300x261.jpg 300w, https:\/\/unicontrol.rs\/wp-content\/uploads\/2025\/07\/sava-coop-1-edit-2-768x668.jpg 768w\" sizes=\"(max-width: 1024px) 100vw, 1024px\" \/>\t\t\t\t\t\t\t\t\t\t\t\t\t\t\t<\/div>\n\t\t\t\t<\/div>\n\t\t<div class=\"elementor-element elementor-element-dda3018 e-con-full e-flex e-con e-child\" data-id=\"dda3018\" data-element_type=\"container\">\n\t\t\t\t<div class=\"elementor-element elementor-element-84f2480 elementor-widget elementor-widget-video\" data-id=\"84f2480\" data-element_type=\"widget\" data-settings=\"{&quot;video_type&quot;:&quot;hosted&quot;,&quot;autoplay&quot;:&quot;yes&quot;,&quot;controls&quot;:&quot;yes&quot;}\" data-widget_type=\"video.default\">\n\t\t\t\t\t\t\t<div class=\"e-hosted-video elementor-wrapper elementor-open-inline\">\n\t\t\t\t\t<video class=\"elementor-video\" src=\"https:\/\/unicontrol.rs\/wp-content\/uploads\/2025\/07\/Sava-Coop-1.mp4\" autoplay=\"\" controls=\"\" controlsList=\"nodownload\"><\/video>\n\t\t\t\t<\/div>\n\t\t\t\t\t\t<\/div>\n\t\t\t\t<\/div>\n\t\t\t\t\t<\/div>\n\t\t\t\t<\/div>\n\t\t<div class=\"elementor-element elementor-element-06283cf e-flex e-con-boxed e-con e-parent\" data-id=\"06283cf\" data-element_type=\"container\">\n\t\t\t\t\t<div class=\"e-con-inner\">\n\t\t\t\t<div class=\"elementor-element elementor-element-8edd31f elementor-widget elementor-widget-spacer\" data-id=\"8edd31f\" data-element_type=\"widget\" data-widget_type=\"spacer.default\">\n\t\t\t\t\t\t\t<div class=\"elementor-spacer\">\n\t\t\t<div class=\"elementor-spacer-inner\"><\/div>\n\t\t<\/div>\n\t\t\t\t\t\t<\/div>\n\t\t\t\t\t<\/div>\n\t\t\t\t<\/div>\n\t\t<div class=\"elementor-element elementor-element-c4325b4 e-flex e-con-boxed e-con e-parent\" data-id=\"c4325b4\" data-element_type=\"container\">\n\t\t\t\t\t<div class=\"e-con-inner\">\n\t\t\t\t<div class=\"elementor-element elementor-element-27a01cd elementor-widget elementor-widget-heading\" data-id=\"27a01cd\" data-element_type=\"widget\" data-widget_type=\"heading.default\">\n\t\t\t\t\t<h2 class=\"elementor-heading-title elementor-size-default\">\u2699\ufe0f Automatizacija i elektro sistem:<\/h2>\t\t\t\t<\/div>\n\t\t\t\t<div class=\"elementor-element elementor-element-a216082 elementor-widget elementor-widget-text-editor\" data-id=\"a216082\" data-element_type=\"widget\" data-widget_type=\"text-editor.default\">\n\t\t\t\t\t\t\t\t\t<p class=\"p1\">Lokalna vizualizacija procesa putem HMI panela<\/p><p class=\"p1\">SCADA sistem za daljinski nadzor i upravljanje<\/p><p class=\"p1\">Elektro \u0161eme, ormani i sertifikovana dokumentacija<\/p><p class=\"p1\">Programiranje PLC i HMI ure\u0111aja prema zahtevima korisnika<\/p><p class=\"p1\">Funkcionalno testiranje i pu\u0161tanje u rad<\/p>\t\t\t\t\t\t\t\t<\/div>\n\t\t\t\t\t<\/div>\n\t\t\t\t<\/div>\n\t\t<div class=\"elementor-element elementor-element-4356bd9 e-flex e-con-boxed e-con e-parent\" data-id=\"4356bd9\" data-element_type=\"container\">\n\t\t\t\t\t<div class=\"e-con-inner\">\n\t\t\t\t<div class=\"elementor-element elementor-element-24c7b33 elementor-widget elementor-widget-text-editor\" data-id=\"24c7b33\" data-element_type=\"widget\" data-widget_type=\"text-editor.default\">\n\t\t\t\t\t\t\t\t\t<blockquote><i>Na projektu su radili na\u0161i iskusni in\u017eenjeri i tehni\u010dari \u2013 od projektovanja do zavr\u0161nog testiranja, po najvi\u0161im industrijskim standardima.<\/i><\/blockquote>\t\t\t\t\t\t\t\t<\/div>\n\t\t\t\t\t<\/div>\n\t\t\t\t<\/div>\n\t\t\t\t<\/div>\n\t\t","protected":false},"excerpt":{"rendered":"<p>Sava COOP \u2013 Linija za me\u0161anje semenskog kukuruza Za potrebe specifi\u010dnog procesa u preradi semenskog kukuruza, razvili smo kompletnu liniju za me\u0161anje dva tipa semena, u potpunosti prilago\u0111enu tehnolo\u0161kim zahtevima naru\u010dioca. Projekat je realizovan po sistemu \u201eklju\u010d u ruke\u201c \u2013 od idejnog re\u0161enja do funkcionalnog pogona. Ma\u0161inski deo: \u00a0Projektovanje sistema za dopremu, doziranje, merenje, me\u0161anje [&hellip;]<\/p>\n","protected":false},"author":1,"featured_media":0,"parent":0,"menu_order":0,"comment_status":"closed","ping_status":"closed","template":"elementor_header_footer","meta":{"footnotes":""},"class_list":["post-312","page","type-page","status-publish","hentry","entry"],"_links":{"self":[{"href":"https:\/\/unicontrol.rs\/index.php\/wp-json\/wp\/v2\/pages\/312","targetHints":{"allow":["GET"]}}],"collection":[{"href":"https:\/\/unicontrol.rs\/index.php\/wp-json\/wp\/v2\/pages"}],"about":[{"href":"https:\/\/unicontrol.rs\/index.php\/wp-json\/wp\/v2\/types\/page"}],"author":[{"embeddable":true,"href":"https:\/\/unicontrol.rs\/index.php\/wp-json\/wp\/v2\/users\/1"}],"replies":[{"embeddable":true,"href":"https:\/\/unicontrol.rs\/index.php\/wp-json\/wp\/v2\/comments?post=312"}],"version-history":[{"count":34,"href":"https:\/\/unicontrol.rs\/index.php\/wp-json\/wp\/v2\/pages\/312\/revisions"}],"predecessor-version":[{"id":550,"href":"https:\/\/unicontrol.rs\/index.php\/wp-json\/wp\/v2\/pages\/312\/revisions\/550"}],"wp:attachment":[{"href":"https:\/\/unicontrol.rs\/index.php\/wp-json\/wp\/v2\/media?parent=312"}],"curies":[{"name":"wp","href":"https:\/\/api.w.org\/{rel}","templated":true}]}}