{"id":303,"date":"2025-07-15T18:17:17","date_gmt":"2025-07-15T18:17:17","guid":{"rendered":"https:\/\/unicontrol.rs\/?page_id=303"},"modified":"2025-07-18T16:10:37","modified_gmt":"2025-07-18T16:10:37","slug":"he-b-basta","status":"publish","type":"page","link":"https:\/\/unicontrol.rs\/index.php\/he-b-basta\/","title":{"rendered":"HE.B.Ba\u0161ta"},"content":{"rendered":"\t\t<div data-elementor-type=\"wp-page\" data-elementor-id=\"303\" class=\"elementor elementor-303\" data-elementor-post-type=\"page\">\n\t\t\t\t<div class=\"elementor-element elementor-element-bba234e e-flex e-con-boxed e-con e-parent\" data-id=\"bba234e\" data-element_type=\"container\">\n\t\t\t\t\t<div class=\"e-con-inner\">\n\t\t\t\t<div class=\"elementor-element elementor-element-cfc03e2 elementor-widget elementor-widget-heading\" data-id=\"cfc03e2\" data-element_type=\"widget\" data-widget_type=\"heading.default\">\n\t\t\t\t\t<h2 class=\"elementor-heading-title elementor-size-default\">HE.B.Ba\u0161ta projekat<\/h2>\t\t\t\t<\/div>\n\t\t\t\t\t<\/div>\n\t\t\t\t<\/div>\n\t\t<div class=\"elementor-element elementor-element-40b51ad e-flex e-con-boxed e-con e-parent\" data-id=\"40b51ad\" data-element_type=\"container\">\n\t\t\t\t\t<div class=\"e-con-inner\">\n\t\t\t\t<div class=\"elementor-element elementor-element-daf84e8 elementor-widget elementor-widget-spacer\" data-id=\"daf84e8\" data-element_type=\"widget\" data-widget_type=\"spacer.default\">\n\t\t\t\t\t\t\t<div class=\"elementor-spacer\">\n\t\t\t<div class=\"elementor-spacer-inner\"><\/div>\n\t\t<\/div>\n\t\t\t\t\t\t<\/div>\n\t\t\t\t\t<\/div>\n\t\t\t\t<\/div>\n\t\t<div class=\"elementor-element elementor-element-8b02367 e-flex e-con-boxed e-con e-parent\" data-id=\"8b02367\" data-element_type=\"container\">\n\t\t\t\t\t<div class=\"e-con-inner\">\n\t\t\t\t<div class=\"elementor-element elementor-element-7fd8a16 elementor-widget elementor-widget-spacer\" data-id=\"7fd8a16\" data-element_type=\"widget\" data-widget_type=\"spacer.default\">\n\t\t\t\t\t\t\t<div class=\"elementor-spacer\">\n\t\t\t<div class=\"elementor-spacer-inner\"><\/div>\n\t\t<\/div>\n\t\t\t\t\t\t<\/div>\n\t\t\t\t\t<\/div>\n\t\t\t\t<\/div>\n\t\t<div class=\"elementor-element elementor-element-3b43c9b e-flex e-con-boxed e-con e-parent\" data-id=\"3b43c9b\" data-element_type=\"container\">\n\t\t\t\t\t<div class=\"e-con-inner\">\n\t\t<div class=\"elementor-element elementor-element-d8cc48e e-con-full e-flex e-con e-child\" data-id=\"d8cc48e\" data-element_type=\"container\">\n\t\t\t\t<div class=\"elementor-element elementor-element-f4102c6 elementor-widget elementor-widget-heading\" data-id=\"f4102c6\" data-element_type=\"widget\" data-widget_type=\"heading.default\">\n\t\t\t\t\t<h2 class=\"elementor-heading-title elementor-size-default\">Za\u0161titni sistem za kranove nosivosti 2\u00d7260t + 75t<\/h2>\t\t\t\t<\/div>\n\t\t\t\t<div class=\"elementor-element elementor-element-81d452a elementor-widget elementor-widget-text-editor\" data-id=\"81d452a\" data-element_type=\"widget\" data-widget_type=\"text-editor.default\">\n\t\t\t\t\t\t\t\t\t<p class=\"p1\">U okviru ovog kompleksnog i tehni\u010dki zahtevnog projekta, realizovani su projektovanje i izvo\u0111enje integrisanog za\u0161titnog sistema za te\u0161ki kranski sistem nosivosti 2\u00d7260t + 75t. Sistem je razvijen sa ciljem pove\u0107anja bezbednosti, produ\u017eenja radnog veka konstrukcije i obezbe\u0111ivanja kontinuiranog nadzora nad klju\u010dnim parametrima rada.<\/p>\t\t\t\t\t\t\t\t<\/div>\n\t\t\t\t<\/div>\n\t\t<div class=\"elementor-element elementor-element-67ec42b e-con-full e-flex e-con e-child\" data-id=\"67ec42b\" data-element_type=\"container\">\n\t\t\t\t<div class=\"elementor-element elementor-element-4e7ae9f elementor-widget elementor-widget-image\" data-id=\"4e7ae9f\" data-element_type=\"widget\" data-widget_type=\"image.default\">\n\t\t\t\t\t\t\t\t\t\t\t\t\t\t\t<img fetchpriority=\"high\" decoding=\"async\" width=\"600\" height=\"444\" src=\"https:\/\/unicontrol.rs\/wp-content\/uploads\/2025\/07\/20241108_105431.jpg\" class=\"attachment-large size-large wp-image-108\" alt=\"\" srcset=\"https:\/\/unicontrol.rs\/wp-content\/uploads\/2025\/07\/20241108_105431.jpg 600w, https:\/\/unicontrol.rs\/wp-content\/uploads\/2025\/07\/20241108_105431-300x222.jpg 300w\" sizes=\"(max-width: 600px) 100vw, 600px\" \/>\t\t\t\t\t\t\t\t\t\t\t\t\t\t\t<\/div>\n\t\t\t\t<\/div>\n\t\t\t\t\t<\/div>\n\t\t\t\t<\/div>\n\t\t<div class=\"elementor-element elementor-element-bbd0c98 e-flex e-con-boxed e-con e-parent\" data-id=\"bbd0c98\" data-element_type=\"container\">\n\t\t\t\t\t<div class=\"e-con-inner\">\n\t\t\t\t<div class=\"elementor-element elementor-element-56d5e7d elementor-widget elementor-widget-spacer\" data-id=\"56d5e7d\" data-element_type=\"widget\" data-widget_type=\"spacer.default\">\n\t\t\t\t\t\t\t<div class=\"elementor-spacer\">\n\t\t\t<div class=\"elementor-spacer-inner\"><\/div>\n\t\t<\/div>\n\t\t\t\t\t\t<\/div>\n\t\t\t\t\t<\/div>\n\t\t\t\t<\/div>\n\t\t<div class=\"elementor-element elementor-element-f8bdda0 e-flex e-con-boxed e-con e-parent\" data-id=\"f8bdda0\" data-element_type=\"container\">\n\t\t\t\t\t<div class=\"e-con-inner\">\n\t\t<div class=\"elementor-element elementor-element-f6feac7 e-con-full e-flex e-con e-child\" data-id=\"f6feac7\" data-element_type=\"container\">\n\t\t\t\t<div class=\"elementor-element elementor-element-141f3dc elementor-widget elementor-widget-heading\" data-id=\"141f3dc\" data-element_type=\"widget\" data-widget_type=\"heading.default\">\n\t\t\t\t\t<h2 class=\"elementor-heading-title elementor-size-default\">Obuhvat sistema:<\/h2>\t\t\t\t<\/div>\n\t\t\t\t<div class=\"elementor-element elementor-element-bb37dfc elementor-widget elementor-widget-text-editor\" data-id=\"bb37dfc\" data-element_type=\"widget\" data-widget_type=\"text-editor.default\">\n\t\t\t\t\t\t\t\t\t<p class=\"p1\">\u00a0<\/p><ul><li><p class=\"p1\">Sistem za za\u0161titu od te\u017einskog preoptere\u0107enja, sa senzorima sile i kontrolom grani\u010dnih vrednosti optere\u0107enja.<\/p><\/li><li><p class=\"p1\">Sistem za detekciju ugiba nose\u0107e grede, sa senzorima polo\u017eaja i analizom deformacija u realnom vremenu.<\/p><\/li><li><p class=\"p1\">Sistem za monitoring vibracija i rezonanci, namenjen za\u0161titi nose\u0107ih i pomi\u010dnih elemenata kranske konstrukcije.<\/p><\/li><li><p class=\"p1\">Sistem za merenje meteorolo\u0161kih uslova \u2013 uklju\u010duju\u0107i brzinu i pravac vetra, temperaturu i prisustvo padavina \u2013 sa ciljem bezbednog planiranja dizanja tereta.<\/p><\/li><\/ul><p>\u00a0<\/p>\t\t\t\t\t\t\t\t<\/div>\n\t\t\t\t<\/div>\n\t\t<div class=\"elementor-element elementor-element-d1a08bb e-con-full e-flex e-con e-child\" data-id=\"d1a08bb\" data-element_type=\"container\">\n\t\t\t\t<div class=\"elementor-element elementor-element-fc5fdad elementor-widget elementor-widget-image\" data-id=\"fc5fdad\" data-element_type=\"widget\" data-widget_type=\"image.default\">\n\t\t\t\t\t\t\t\t\t\t\t\t\t\t\t<img decoding=\"async\" width=\"600\" height=\"510\" src=\"https:\/\/unicontrol.rs\/wp-content\/uploads\/2025\/07\/20241108_130811.jpg\" class=\"attachment-large size-large wp-image-109\" alt=\"\" srcset=\"https:\/\/unicontrol.rs\/wp-content\/uploads\/2025\/07\/20241108_130811.jpg 600w, https:\/\/unicontrol.rs\/wp-content\/uploads\/2025\/07\/20241108_130811-300x255.jpg 300w\" sizes=\"(max-width: 600px) 100vw, 600px\" \/>\t\t\t\t\t\t\t\t\t\t\t\t\t\t\t<\/div>\n\t\t\t\t<\/div>\n\t\t<div class=\"elementor-element elementor-element-d531bcb e-con-full e-flex e-con e-child\" data-id=\"d531bcb\" data-element_type=\"container\">\n\t\t\t\t<div class=\"elementor-element elementor-element-8cc0ddc elementor-widget elementor-widget-spacer\" data-id=\"8cc0ddc\" data-element_type=\"widget\" data-widget_type=\"spacer.default\">\n\t\t\t\t\t\t\t<div class=\"elementor-spacer\">\n\t\t\t<div class=\"elementor-spacer-inner\"><\/div>\n\t\t<\/div>\n\t\t\t\t\t\t<\/div>\n\t\t\t\t<div class=\"elementor-element elementor-element-6fcf432 elementor-widget elementor-widget-heading\" data-id=\"6fcf432\" data-element_type=\"widget\" data-widget_type=\"heading.default\">\n\t\t\t\t\t<h2 class=\"elementor-heading-title elementor-size-default\">Tehni\u010dka re\u0161enja:<\/h2>\t\t\t\t<\/div>\n\t\t\t\t<\/div>\n\t\t\t\t\t<\/div>\n\t\t\t\t<\/div>\n\t\t<div class=\"elementor-element elementor-element-0c09117 e-flex e-con-boxed e-con e-parent\" data-id=\"0c09117\" data-element_type=\"container\">\n\t\t\t\t\t<div class=\"e-con-inner\">\n\t\t\t\t<div class=\"elementor-element elementor-element-5e2ca0b elementor-widget elementor-widget-spacer\" data-id=\"5e2ca0b\" data-element_type=\"widget\" data-widget_type=\"spacer.default\">\n\t\t\t\t\t\t\t<div class=\"elementor-spacer\">\n\t\t\t<div class=\"elementor-spacer-inner\"><\/div>\n\t\t<\/div>\n\t\t\t\t\t\t<\/div>\n\t\t\t\t<div class=\"elementor-element elementor-element-28b8ade elementor-widget elementor-widget-text-editor\" data-id=\"28b8ade\" data-element_type=\"widget\" data-widget_type=\"text-editor.default\">\n\t\t\t\t\t\t\t\t\t<p class=\"p1\">Kori\u0161\u0107enje razli\u010ditih komunikacionih protokola i medijuma: TCP\/IP, Modbus RTU, RS232 ASCII i RFID tehnologija, \u010dime je obezbe\u0111ena interoperabilnost izme\u0111u razli\u010ditih podsistema.<\/p><p class=\"p1\">Razvijena je centralna upravlja\u010dka aplikacija sa vizuelnim prikazom svih parametara sistema putem HMI\/SCADA interfejsa, u skladu sa najvi\u0161im industrijskim standardima i zahtevima investitora.<\/p><p class=\"p1\">Kompletan sistem za\u0161tite je povezan sa glavnim upravlja\u010dkim sistemom krana, \u010dime je omogu\u0107ena automatizovana reakcija u slu\u010daju prekora\u010denja grani\u010dnih vrednosti i potencijalnih opasnosti.<\/p>\t\t\t\t\t\t\t\t<\/div>\n\t\t\t\t<div class=\"elementor-element elementor-element-dbfb47d elementor-widget elementor-widget-text-editor\" data-id=\"dbfb47d\" data-element_type=\"widget\" data-widget_type=\"text-editor.default\">\n\t\t\t\t\t\t\t\t\t<p class=\"p1\">Ovim projektom na\u0161 tim je uspe\u0161no demonstrirao sposobnost da realizuje napredna in\u017eenjerska re\u0161enja za specijalizovane industrijske sisteme, kombinuju\u0107i mehaniku, automatiku, senzoriku i savremene komunikacione tehnologije.<\/p>\t\t\t\t\t\t\t\t<\/div>\n\t\t\t\t\t<\/div>\n\t\t\t\t<\/div>\n\t\t\t\t<\/div>\n\t\t","protected":false},"excerpt":{"rendered":"<p>HE.B.Ba\u0161ta projekat Za\u0161titni sistem za kranove nosivosti 2\u00d7260t + 75t U okviru ovog kompleksnog i tehni\u010dki zahtevnog projekta, realizovani su projektovanje i izvo\u0111enje integrisanog za\u0161titnog sistema za te\u0161ki kranski sistem nosivosti 2\u00d7260t + 75t. Sistem je razvijen sa ciljem pove\u0107anja bezbednosti, produ\u017eenja radnog veka konstrukcije i obezbe\u0111ivanja kontinuiranog nadzora nad klju\u010dnim parametrima rada. Obuhvat sistema: [&hellip;]<\/p>\n","protected":false},"author":1,"featured_media":0,"parent":0,"menu_order":0,"comment_status":"closed","ping_status":"closed","template":"elementor_header_footer","meta":{"footnotes":""},"class_list":["post-303","page","type-page","status-publish","hentry","entry"],"_links":{"self":[{"href":"https:\/\/unicontrol.rs\/index.php\/wp-json\/wp\/v2\/pages\/303","targetHints":{"allow":["GET"]}}],"collection":[{"href":"https:\/\/unicontrol.rs\/index.php\/wp-json\/wp\/v2\/pages"}],"about":[{"href":"https:\/\/unicontrol.rs\/index.php\/wp-json\/wp\/v2\/types\/page"}],"author":[{"embeddable":true,"href":"https:\/\/unicontrol.rs\/index.php\/wp-json\/wp\/v2\/users\/1"}],"replies":[{"embeddable":true,"href":"https:\/\/unicontrol.rs\/index.php\/wp-json\/wp\/v2\/comments?post=303"}],"version-history":[{"count":31,"href":"https:\/\/unicontrol.rs\/index.php\/wp-json\/wp\/v2\/pages\/303\/revisions"}],"predecessor-version":[{"id":559,"href":"https:\/\/unicontrol.rs\/index.php\/wp-json\/wp\/v2\/pages\/303\/revisions\/559"}],"wp:attachment":[{"href":"https:\/\/unicontrol.rs\/index.php\/wp-json\/wp\/v2\/media?parent=303"}],"curies":[{"name":"wp","href":"https:\/\/api.w.org\/{rel}","templated":true}]}}