{"id":254,"date":"2025-07-15T17:00:34","date_gmt":"2025-07-15T17:00:34","guid":{"rendered":"https:\/\/unicontrol.rs\/?page_id=254"},"modified":"2025-07-18T16:23:18","modified_gmt":"2025-07-18T16:23:18","slug":"bex","status":"publish","type":"page","link":"https:\/\/unicontrol.rs\/index.php\/bex\/","title":{"rendered":"Bex"},"content":{"rendered":"\t\t<div data-elementor-type=\"wp-page\" data-elementor-id=\"254\" class=\"elementor elementor-254\" data-elementor-post-type=\"page\">\n\t\t\t\t<div class=\"elementor-element elementor-element-40b3a32 e-flex e-con-boxed e-con e-parent\" data-id=\"40b3a32\" data-element_type=\"container\">\n\t\t\t\t\t<div class=\"e-con-inner\">\n\t\t\t\t<div class=\"elementor-element elementor-element-a4d7430 elementor-widget elementor-widget-heading\" data-id=\"a4d7430\" data-element_type=\"widget\" data-widget_type=\"heading.default\">\n\t\t\t\t\t<h2 class=\"elementor-heading-title elementor-size-default\">Napredni sistem za dinami\u010dko vaganje i skeniranje paketa<\/h2>\t\t\t\t<\/div>\n\t\t\t\t\t<\/div>\n\t\t\t\t<\/div>\n\t\t<div class=\"elementor-element elementor-element-dd5767d e-flex e-con-boxed e-con e-parent\" data-id=\"dd5767d\" data-element_type=\"container\">\n\t\t\t\t\t<div class=\"e-con-inner\">\n\t\t\t\t<div class=\"elementor-element elementor-element-a34ea42 elementor-widget elementor-widget-heading\" data-id=\"a34ea42\" data-element_type=\"widget\" data-widget_type=\"heading.default\">\n\t\t\t\t\t<h2 class=\"elementor-heading-title elementor-size-default\">Kompletno re\u0161enje po principu \u201cklju\u010d u ruke\u201d<\/h2>\t\t\t\t<\/div>\n\t\t\t\t\t<\/div>\n\t\t\t\t<\/div>\n\t\t<div class=\"elementor-element elementor-element-959cbbb e-flex e-con-boxed e-con e-parent\" data-id=\"959cbbb\" data-element_type=\"container\">\n\t\t\t\t\t<div class=\"e-con-inner\">\n\t\t\t\t<div class=\"elementor-element elementor-element-4fcf59e elementor-widget elementor-widget-spacer\" data-id=\"4fcf59e\" data-element_type=\"widget\" data-widget_type=\"spacer.default\">\n\t\t\t\t\t\t\t<div class=\"elementor-spacer\">\n\t\t\t<div class=\"elementor-spacer-inner\"><\/div>\n\t\t<\/div>\n\t\t\t\t\t\t<\/div>\n\t\t\t\t\t<\/div>\n\t\t\t\t<\/div>\n\t\t<div class=\"elementor-element elementor-element-630a38e e-flex e-con-boxed e-con e-parent\" data-id=\"630a38e\" data-element_type=\"container\">\n\t\t\t\t\t<div class=\"e-con-inner\">\n\t\t<div class=\"elementor-element elementor-element-406fadc e-con-full e-flex e-con e-child\" data-id=\"406fadc\" data-element_type=\"container\">\n\t\t\t\t<div class=\"elementor-element elementor-element-5510020 elementor-widget elementor-widget-heading\" data-id=\"5510020\" data-element_type=\"widget\" data-widget_type=\"heading.default\">\n\t\t\t\t\t<h2 class=\"elementor-heading-title elementor-size-default\">BEX \u2013 Dinami\u010dko vaganje i skeniranje paketa<\/h2>\t\t\t\t<\/div>\n\t\t\t\t<div class=\"elementor-element elementor-element-a11a8c9 elementor-widget elementor-widget-text-editor\" data-id=\"a11a8c9\" data-element_type=\"widget\" data-widget_type=\"text-editor.default\">\n\t\t\t\t\t\t\t\t\t<p class=\"p1\">U savremenoj proizvodnji, poslednji korak \u010desto pravi klju\u010dnu razliku.<\/p><p class=\"p1\">Za potrebe moderne kurirske slu\u017ebe razvili smo napredni sistem nove generacije, koji omogu\u0107ava <span class=\"s1\"><b>dinami\u010dko merenje mase i automatsko skeniranje paketa u realnom vremenu<\/b><\/span> \u2013 bez zaustavljanja toka robe. Projekat je realizovan po principu <i>\u201cklju\u010d u ruke\u201d<\/i>, od ideje do pu\u0161tanja u rad.<\/p><p>\u00a0<\/p>\t\t\t\t\t\t\t\t<\/div>\n\t\t\t\t<\/div>\n\t\t<div class=\"elementor-element elementor-element-157a2cf e-con-full e-flex e-con e-child\" data-id=\"157a2cf\" data-element_type=\"container\">\n\t\t\t\t<div class=\"elementor-element elementor-element-25a441d elementor-widget elementor-widget-image\" data-id=\"25a441d\" data-element_type=\"widget\" data-widget_type=\"image.default\">\n\t\t\t\t\t\t\t\t\t\t\t\t\t\t\t<img fetchpriority=\"high\" decoding=\"async\" width=\"600\" height=\"449\" src=\"https:\/\/unicontrol.rs\/wp-content\/uploads\/2025\/07\/bex-unicontrol-1.jpg\" class=\"attachment-large size-large wp-image-263\" alt=\"\" srcset=\"https:\/\/unicontrol.rs\/wp-content\/uploads\/2025\/07\/bex-unicontrol-1.jpg 600w, https:\/\/unicontrol.rs\/wp-content\/uploads\/2025\/07\/bex-unicontrol-1-300x225.jpg 300w\" sizes=\"(max-width: 600px) 100vw, 600px\" \/>\t\t\t\t\t\t\t\t\t\t\t\t\t\t\t<\/div>\n\t\t\t\t<\/div>\n\t\t\t\t\t<\/div>\n\t\t\t\t<\/div>\n\t\t<div class=\"elementor-element elementor-element-8ac6c1b e-flex e-con-boxed e-con e-parent\" data-id=\"8ac6c1b\" data-element_type=\"container\">\n\t\t\t\t\t<div class=\"e-con-inner\">\n\t\t\t\t<div class=\"elementor-element elementor-element-196847f elementor-widget elementor-widget-spacer\" data-id=\"196847f\" data-element_type=\"widget\" data-widget_type=\"spacer.default\">\n\t\t\t\t\t\t\t<div class=\"elementor-spacer\">\n\t\t\t<div class=\"elementor-spacer-inner\"><\/div>\n\t\t<\/div>\n\t\t\t\t\t\t<\/div>\n\t\t\t\t\t<\/div>\n\t\t\t\t<\/div>\n\t\t<div class=\"elementor-element elementor-element-4e3fc6a e-flex e-con-boxed e-con e-parent\" data-id=\"4e3fc6a\" data-element_type=\"container\">\n\t\t\t\t\t<div class=\"e-con-inner\">\n\t\t<div class=\"elementor-element elementor-element-44cb6d7 e-con-full e-flex e-con e-child\" data-id=\"44cb6d7\" data-element_type=\"container\">\n\t\t\t\t<div class=\"elementor-element elementor-element-2f4db52 elementor-widget elementor-widget-heading\" data-id=\"2f4db52\" data-element_type=\"widget\" data-widget_type=\"heading.default\">\n\t\t\t\t\t<h2 class=\"elementor-heading-title elementor-size-default\">Mehani\u010dka re\u0161enja<\/h2>\t\t\t\t<\/div>\n\t\t\t\t<div class=\"elementor-element elementor-element-bcd0e0d elementor-widget elementor-widget-text-editor\" data-id=\"bcd0e0d\" data-element_type=\"widget\" data-widget_type=\"text-editor.default\">\n\t\t\t\t\t\t\t\t\t<p class=\"p1\">\u00a0<\/p><h4><b>\ud83d\udee0 Mehani\u010dka re\u0161enja:<\/b><\/h4><p class=\"p1\">Ulazni, merni i izlazni transporter dizajnirani za neprekidan protok paketa.<\/p><p class=\"p1\">Konstrukcija izra\u0111ena po najvi\u0161im industrijskim standardima.<\/p><p class=\"p1\">Detaljna tehni\u010dka i radioni\u010dka dokumentacija.<\/p><p>\u00a0<\/p>\t\t\t\t\t\t\t\t<\/div>\n\t\t\t\t<\/div>\n\t\t<div class=\"elementor-element elementor-element-586938f e-con-full e-flex e-con e-child\" data-id=\"586938f\" data-element_type=\"container\">\n\t\t\t\t<div class=\"elementor-element elementor-element-f4769e8 elementor-widget elementor-widget-image\" data-id=\"f4769e8\" data-element_type=\"widget\" data-widget_type=\"image.default\">\n\t\t\t\t\t\t\t\t\t\t\t\t\t\t\t<img decoding=\"async\" width=\"600\" height=\"449\" src=\"https:\/\/unicontrol.rs\/wp-content\/uploads\/2025\/07\/bex-unicontrol-2-1.jpg\" class=\"attachment-large size-large wp-image-262\" alt=\"\" srcset=\"https:\/\/unicontrol.rs\/wp-content\/uploads\/2025\/07\/bex-unicontrol-2-1.jpg 600w, https:\/\/unicontrol.rs\/wp-content\/uploads\/2025\/07\/bex-unicontrol-2-1-300x225.jpg 300w\" sizes=\"(max-width: 600px) 100vw, 600px\" \/>\t\t\t\t\t\t\t\t\t\t\t\t\t\t\t<\/div>\n\t\t\t\t<div class=\"elementor-element elementor-element-035b985 elementor-widget elementor-widget-heading\" data-id=\"035b985\" data-element_type=\"widget\" data-widget_type=\"heading.default\">\n\t\t\t\t\t<h2 class=\"elementor-heading-title elementor-size-default\">\u00a0Automatizacija i upravljanje:<\/h2>\t\t\t\t<\/div>\n\t\t\t\t<div class=\"elementor-element elementor-element-44c471b elementor-widget elementor-widget-text-editor\" data-id=\"44c471b\" data-element_type=\"widget\" data-widget_type=\"text-editor.default\">\n\t\t\t\t\t\t\t\t\t<p class=\"p1\">Precizno merenje mase u pokretu bez zaustavljanja<\/p><p class=\"p1\">Skeniranje i dekodovanje bar-kodova uz povezivanje sa te\u017einom<\/p><p class=\"p1\">Upravlja\u010dka aplikacija sa prilago\u0111enim korisni\u010dkim interfejsom<\/p><p class=\"p1\">Pouzdana komunikacija sa centralnim serverom za pra\u0107enje po\u0161iljki<\/p>\t\t\t\t\t\t\t\t<\/div>\n\t\t\t\t<\/div>\n\t\t<div class=\"elementor-element elementor-element-36bf401 e-con-full e-flex e-con e-child\" data-id=\"36bf401\" data-element_type=\"container\">\n\t\t\t\t<div class=\"elementor-element elementor-element-4d6726e elementor-widget elementor-widget-video\" data-id=\"4d6726e\" data-element_type=\"widget\" data-settings=\"{&quot;video_type&quot;:&quot;hosted&quot;,&quot;autoplay&quot;:&quot;yes&quot;,&quot;controls&quot;:&quot;yes&quot;}\" data-widget_type=\"video.default\">\n\t\t\t\t\t\t\t<div class=\"e-hosted-video elementor-wrapper elementor-open-inline\">\n\t\t\t\t\t<video class=\"elementor-video\" src=\"https:\/\/unicontrol.rs\/wp-content\/uploads\/2025\/07\/bex-unicontrol.mp4\" autoplay=\"\" controls=\"\" controlsList=\"nodownload\"><\/video>\n\t\t\t\t<\/div>\n\t\t\t\t\t\t<\/div>\n\t\t\t\t<\/div>\n\t\t\t\t\t<\/div>\n\t\t\t\t<\/div>\n\t\t\t\t<\/div>\n\t\t","protected":false},"excerpt":{"rendered":"<p>Napredni sistem za dinami\u010dko vaganje i skeniranje paketa Kompletno re\u0161enje po principu \u201cklju\u010d u ruke\u201d BEX \u2013 Dinami\u010dko vaganje i skeniranje paketa U savremenoj proizvodnji, poslednji korak \u010desto pravi klju\u010dnu razliku. Za potrebe moderne kurirske slu\u017ebe razvili smo napredni sistem nove generacije, koji omogu\u0107ava dinami\u010dko merenje mase i automatsko skeniranje paketa u realnom vremenu \u2013 [&hellip;]<\/p>\n","protected":false},"author":1,"featured_media":0,"parent":0,"menu_order":0,"comment_status":"closed","ping_status":"closed","template":"elementor_header_footer","meta":{"footnotes":""},"class_list":["post-254","page","type-page","status-publish","hentry","entry"],"_links":{"self":[{"href":"https:\/\/unicontrol.rs\/index.php\/wp-json\/wp\/v2\/pages\/254","targetHints":{"allow":["GET"]}}],"collection":[{"href":"https:\/\/unicontrol.rs\/index.php\/wp-json\/wp\/v2\/pages"}],"about":[{"href":"https:\/\/unicontrol.rs\/index.php\/wp-json\/wp\/v2\/types\/page"}],"author":[{"embeddable":true,"href":"https:\/\/unicontrol.rs\/index.php\/wp-json\/wp\/v2\/users\/1"}],"replies":[{"embeddable":true,"href":"https:\/\/unicontrol.rs\/index.php\/wp-json\/wp\/v2\/comments?post=254"}],"version-history":[{"count":33,"href":"https:\/\/unicontrol.rs\/index.php\/wp-json\/wp\/v2\/pages\/254\/revisions"}],"predecessor-version":[{"id":572,"href":"https:\/\/unicontrol.rs\/index.php\/wp-json\/wp\/v2\/pages\/254\/revisions\/572"}],"wp:attachment":[{"href":"https:\/\/unicontrol.rs\/index.php\/wp-json\/wp\/v2\/media?parent=254"}],"curies":[{"name":"wp","href":"https:\/\/api.w.org\/{rel}","templated":true}]}}