{"id":159,"date":"2025-07-15T09:30:17","date_gmt":"2025-07-15T09:30:17","guid":{"rendered":"https:\/\/unicontrol.rs\/?page_id=159"},"modified":"2025-07-18T16:24:41","modified_gmt":"2025-07-18T16:24:41","slug":"forma-ideale","status":"publish","type":"page","link":"https:\/\/unicontrol.rs\/index.php\/forma-ideale\/","title":{"rendered":"Forma Ideale"},"content":{"rendered":"\t\t<div data-elementor-type=\"wp-page\" data-elementor-id=\"159\" class=\"elementor elementor-159\" data-elementor-post-type=\"page\">\n\t\t\t\t<div class=\"elementor-element elementor-element-7800778 e-flex e-con-boxed e-con e-parent\" data-id=\"7800778\" data-element_type=\"container\">\n\t\t\t\t\t<div class=\"e-con-inner\">\n\t\t\t\t<div class=\"elementor-element elementor-element-b4c3a75 elementor-widget elementor-widget-heading\" data-id=\"b4c3a75\" data-element_type=\"widget\" data-widget_type=\"heading.default\">\n\t\t\t\t\t<h2 class=\"elementor-heading-title elementor-size-default\">Pametan zavr\u0161ni korak u pakovanju \u2013 Dinami\u010dko merenje i kontrola paketa<\/h2>\t\t\t\t<\/div>\n\t\t\t\t\t<\/div>\n\t\t\t\t<\/div>\n\t\t<div class=\"elementor-element elementor-element-baf32f7 e-flex e-con-boxed e-con e-parent\" data-id=\"baf32f7\" data-element_type=\"container\">\n\t\t\t\t\t<div class=\"e-con-inner\">\n\t\t\t\t<div class=\"elementor-element elementor-element-f801da0 elementor-widget elementor-widget-spacer\" data-id=\"f801da0\" data-element_type=\"widget\" data-widget_type=\"spacer.default\">\n\t\t\t\t\t\t\t<div class=\"elementor-spacer\">\n\t\t\t<div class=\"elementor-spacer-inner\"><\/div>\n\t\t<\/div>\n\t\t\t\t\t\t<\/div>\n\t\t\t\t\t<\/div>\n\t\t\t\t<\/div>\n\t\t<div class=\"elementor-element elementor-element-8fecd3f e-flex e-con-boxed e-con e-parent\" data-id=\"8fecd3f\" data-element_type=\"container\">\n\t\t\t\t\t<div class=\"e-con-inner\">\n\t\t<div class=\"elementor-element elementor-element-3e9875f e-con-full e-flex e-con e-child\" data-id=\"3e9875f\" data-element_type=\"container\">\n\t\t\t\t<div class=\"elementor-element elementor-element-036e542 elementor-widget elementor-widget-text-editor\" data-id=\"036e542\" data-element_type=\"widget\" data-widget_type=\"text-editor.default\">\n\t\t\t\t\t\t\t\t\t<p class=\"p1\">U savremenoj proizvodnji, poslednji korak \u010desto pravi klju\u010dnu razliku.<\/p><p class=\"p1\">Upravo zato smo za jednog od vode\u0107ih proizvo\u0111a\u010da name\u0161taja i galanterije razvili sistem za <span class=\"s1\"><b>dinami\u010dko merenje i kontrolu paketa<\/b><\/span>, koji u realnom vremenu proverava ispravnost svakog paketa neposredno pre etiketiranja i otpreme.\u00a0<b style=\"caret-color: #000000; color: #000000; font-size: 18px; font-style: normal; font-variant-caps: normal; letter-spacing: var( --e-global-typography-text-letter-spacing ); text-transform: var( --e-global-typography-text-text-transform ); text-decoration: var( --e-global-typography-text-text-decoration );\"><\/b><\/p>\t\t\t\t\t\t\t\t<\/div>\n\t\t\t\t<\/div>\n\t\t<div class=\"elementor-element elementor-element-a15a1f7 e-con-full e-flex e-con e-child\" data-id=\"a15a1f7\" data-element_type=\"container\">\n\t\t\t\t<div class=\"elementor-element elementor-element-364f6ae elementor-widget elementor-widget-image\" data-id=\"364f6ae\" data-element_type=\"widget\" data-widget_type=\"image.default\">\n\t\t\t\t\t\t\t\t\t\t\t\t\t\t\t<img fetchpriority=\"high\" decoding=\"async\" width=\"600\" height=\"450\" src=\"https:\/\/unicontrol.rs\/wp-content\/uploads\/2025\/07\/forma-ideale-portfolio1.jpg\" class=\"attachment-large size-large wp-image-91\" alt=\"\" srcset=\"https:\/\/unicontrol.rs\/wp-content\/uploads\/2025\/07\/forma-ideale-portfolio1.jpg 600w, https:\/\/unicontrol.rs\/wp-content\/uploads\/2025\/07\/forma-ideale-portfolio1-300x225.jpg 300w\" sizes=\"(max-width: 600px) 100vw, 600px\" \/>\t\t\t\t\t\t\t\t\t\t\t\t\t\t\t<\/div>\n\t\t\t\t<\/div>\n\t\t\t\t\t<\/div>\n\t\t\t\t<\/div>\n\t\t<div class=\"elementor-element elementor-element-0135948 e-flex e-con-boxed e-con e-parent\" data-id=\"0135948\" data-element_type=\"container\">\n\t\t\t\t\t<div class=\"e-con-inner\">\n\t\t\t\t<div class=\"elementor-element elementor-element-a6135c8 elementor-widget elementor-widget-spacer\" data-id=\"a6135c8\" data-element_type=\"widget\" data-widget_type=\"spacer.default\">\n\t\t\t\t\t\t\t<div class=\"elementor-spacer\">\n\t\t\t<div class=\"elementor-spacer-inner\"><\/div>\n\t\t<\/div>\n\t\t\t\t\t\t<\/div>\n\t\t\t\t\t<\/div>\n\t\t\t\t<\/div>\n\t\t<div class=\"elementor-element elementor-element-6854cf1 e-flex e-con-boxed e-con e-parent\" data-id=\"6854cf1\" data-element_type=\"container\">\n\t\t\t\t\t<div class=\"e-con-inner\">\n\t\t<div class=\"elementor-element elementor-element-7ef1ddd e-con-full e-flex e-con e-child\" data-id=\"7ef1ddd\" data-element_type=\"container\">\n\t\t\t\t<div class=\"elementor-element elementor-element-d993852 elementor-widget elementor-widget-heading\" data-id=\"d993852\" data-element_type=\"widget\" data-widget_type=\"heading.default\">\n\t\t\t\t\t<h2 class=\"elementor-heading-title elementor-size-default\">\u0160ta smo uradili:<\/h2>\t\t\t\t<\/div>\n\t\t\t\t<div class=\"elementor-element elementor-element-9bbc4b4 elementor-widget elementor-widget-text-editor\" data-id=\"9bbc4b4\" data-element_type=\"widget\" data-widget_type=\"text-editor.default\">\n\t\t\t\t\t\t\t\t\t<p><span class=\"s1\"><b>Valj\u010dasti transporter<\/b><\/span> \u2013 za nesmetano i sigurno kretanje paketa<\/p><p class=\"p1\"><span class=\"s1\"><b>Merni deo<\/b><\/span> \u2013 meri masu i proverava tolerancije<\/p><p class=\"p1\"><span class=\"s1\"><b>Upravlja\u010dki sistem<\/b><\/span> \u2013 analizira podatke i odlu\u010duje o ispravnosti<\/p><p class=\"p1\"><span class=\"s1\"><b>Komunikacioni sistem<\/b><\/span> \u2013 \u0161alje informacije procesnom ra\u010dunaru i serveru<\/p>\t\t\t\t\t\t\t\t<\/div>\n\t\t\t\t<\/div>\n\t\t<div class=\"elementor-element elementor-element-9e50f11 e-con-full e-flex e-con e-child\" data-id=\"9e50f11\" data-element_type=\"container\">\n\t\t\t\t<div class=\"elementor-element elementor-element-10019b3 elementor-widget elementor-widget-image\" data-id=\"10019b3\" data-element_type=\"widget\" data-widget_type=\"image.default\">\n\t\t\t\t\t\t\t\t\t\t\t\t\t\t\t<img decoding=\"async\" width=\"600\" height=\"450\" src=\"https:\/\/unicontrol.rs\/wp-content\/uploads\/2025\/07\/forma-ideale-unicontrol-websajt.jpg\" class=\"attachment-large size-large wp-image-93\" alt=\"\" srcset=\"https:\/\/unicontrol.rs\/wp-content\/uploads\/2025\/07\/forma-ideale-unicontrol-websajt.jpg 600w, https:\/\/unicontrol.rs\/wp-content\/uploads\/2025\/07\/forma-ideale-unicontrol-websajt-300x225.jpg 300w\" sizes=\"(max-width: 600px) 100vw, 600px\" \/>\t\t\t\t\t\t\t\t\t\t\t\t\t\t\t<\/div>\n\t\t\t\t<\/div>\n\t\t<div class=\"elementor-element elementor-element-caf6cc7 e-con-full e-flex e-con e-child\" data-id=\"caf6cc7\" data-element_type=\"container\">\n\t\t\t\t<div class=\"elementor-element elementor-element-931fcc3 elementor-widget elementor-widget-video\" data-id=\"931fcc3\" data-element_type=\"widget\" data-settings=\"{&quot;video_type&quot;:&quot;hosted&quot;,&quot;autoplay&quot;:&quot;yes&quot;,&quot;controls&quot;:&quot;yes&quot;}\" data-widget_type=\"video.default\">\n\t\t\t\t\t\t\t<div class=\"e-hosted-video elementor-wrapper elementor-open-inline\">\n\t\t\t\t\t<video class=\"elementor-video\" src=\"https:\/\/unicontrol.rs\/wp-content\/uploads\/2025\/07\/UniControl-forma-ideale.mp4\" autoplay=\"\" controls=\"\" controlsList=\"nodownload\"><\/video>\n\t\t\t\t<\/div>\n\t\t\t\t\t\t<\/div>\n\t\t\t\t<div class=\"elementor-element elementor-element-59ad654 elementor-widget elementor-widget-heading\" data-id=\"59ad654\" data-element_type=\"widget\" data-widget_type=\"heading.default\">\n\t\t\t\t\t<h2 class=\"elementor-heading-title elementor-size-default\">\ud83d\udcca Vi\u0161e od obi\u010dnog vaganja:<\/h2>\t\t\t\t<\/div>\n\t\t\t\t<div class=\"elementor-element elementor-element-009d7e1 elementor-widget elementor-widget-text-editor\" data-id=\"009d7e1\" data-element_type=\"widget\" data-widget_type=\"text-editor.default\">\n\t\t\t\t\t\t\t\t\t<p class=\"p3\">Sistem automatski bele\u017ei:<\/p><p class=\"p1\">Naziv artikla<\/p><p class=\"p1\">Broj proizvodnog naloga<\/p><p class=\"p1\">Vreme i datum<\/p><p class=\"p1\">Ta\u010dnu masu svakog paketa<\/p><p class=\"p3\">Svi podaci se <span class=\"s2\"><b>automatski prenose na ma\u0161inu za etiketiranje<\/b><\/span>, bez potrebe za manuelnim unosima.<\/p>\t\t\t\t\t\t\t\t<\/div>\n\t\t\t\t<\/div>\n\t\t\t\t\t<\/div>\n\t\t\t\t<\/div>\n\t\t<div class=\"elementor-element elementor-element-cdb95ec e-con-full e-flex e-con e-parent\" data-id=\"cdb95ec\" data-element_type=\"container\">\n\t\t\t\t<div class=\"elementor-element elementor-element-4a51826 elementor-widget elementor-widget-heading\" data-id=\"4a51826\" data-element_type=\"widget\" data-widget_type=\"heading.default\">\n\t\t\t\t\t<h2 class=\"elementor-heading-title elementor-size-default\">Neki od projekata<\/h2>\t\t\t\t<\/div>\n\t\t\t\t<div class=\"elementor-element elementor-element-9770bc4 elementor-widget elementor-widget-heading\" data-id=\"9770bc4\" data-element_type=\"widget\" data-widget_type=\"heading.default\">\n\t\t\t\t\t<h5 class=\"elementor-heading-title elementor-size-default\">In\u017eenjerska re\u0161enja koja rade \u2013 na terenu, ne samo na papiru.<\/h5>\t\t\t\t<\/div>\n\t\t\t\t<div class=\"elementor-element elementor-element-229276b gallery-spacing-custom elementor-widget elementor-widget-image-gallery\" data-id=\"229276b\" data-element_type=\"widget\" data-widget_type=\"image-gallery.default\">\n\t\t\t\t\t\t\t<div class=\"elementor-image-gallery\">\n\t\t\t<div id='gallery-1' class='gallery galleryid-159 gallery-columns-3 gallery-size-full'><figure class='gallery-item'>\n\t\t\t<div class='gallery-icon landscape'>\n\t\t\t\t<a data-elementor-open-lightbox=\"yes\" data-elementor-lightbox-slideshow=\"229276b\" data-elementor-lightbox-title=\"forma-ideale-portfolio1\" data-e-action-hash=\"#elementor-action%3Aaction%3Dlightbox%26settings%3DeyJpZCI6OTEsInVybCI6Imh0dHBzOlwvXC91bmljb250cm9sLnJzXC93cC1jb250ZW50XC91cGxvYWRzXC8yMDI1XC8wN1wvZm9ybWEtaWRlYWxlLXBvcnRmb2xpbzEuanBnIiwic2xpZGVzaG93IjoiMjI5Mjc2YiJ9\" href='https:\/\/unicontrol.rs\/wp-content\/uploads\/2025\/07\/forma-ideale-portfolio1.jpg'><img decoding=\"async\" width=\"600\" height=\"450\" src=\"https:\/\/unicontrol.rs\/wp-content\/uploads\/2025\/07\/forma-ideale-portfolio1.jpg\" class=\"attachment-full size-full\" alt=\"\" srcset=\"https:\/\/unicontrol.rs\/wp-content\/uploads\/2025\/07\/forma-ideale-portfolio1.jpg 600w, https:\/\/unicontrol.rs\/wp-content\/uploads\/2025\/07\/forma-ideale-portfolio1-300x225.jpg 300w\" sizes=\"(max-width: 600px) 100vw, 600px\" \/><\/a>\n\t\t\t<\/div><\/figure><figure class='gallery-item'>\n\t\t\t<div class='gallery-icon landscape'>\n\t\t\t\t<a data-elementor-open-lightbox=\"yes\" data-elementor-lightbox-slideshow=\"229276b\" data-elementor-lightbox-title=\"20241031_151341\" data-e-action-hash=\"#elementor-action%3Aaction%3Dlightbox%26settings%3DeyJpZCI6MTE0LCJ1cmwiOiJodHRwczpcL1wvdW5pY29udHJvbC5yc1wvd3AtY29udGVudFwvdXBsb2Fkc1wvMjAyNVwvMDdcLzIwMjQxMDMxXzE1MTM0MS5qcGciLCJzbGlkZXNob3ciOiIyMjkyNzZiIn0%3D\" href='https:\/\/unicontrol.rs\/wp-content\/uploads\/2025\/07\/20241031_151341.jpg'><img loading=\"lazy\" decoding=\"async\" width=\"600\" height=\"465\" src=\"https:\/\/unicontrol.rs\/wp-content\/uploads\/2025\/07\/20241031_151341.jpg\" class=\"attachment-full size-full\" alt=\"\" srcset=\"https:\/\/unicontrol.rs\/wp-content\/uploads\/2025\/07\/20241031_151341.jpg 600w, https:\/\/unicontrol.rs\/wp-content\/uploads\/2025\/07\/20241031_151341-300x233.jpg 300w\" sizes=\"(max-width: 600px) 100vw, 600px\" \/><\/a>\n\t\t\t<\/div><\/figure><figure class='gallery-item'>\n\t\t\t<div class='gallery-icon landscape'>\n\t\t\t\t<a data-elementor-open-lightbox=\"yes\" data-elementor-lightbox-slideshow=\"229276b\" data-elementor-lightbox-title=\"bex-unicontrol\" data-e-action-hash=\"#elementor-action%3Aaction%3Dlightbox%26settings%3DeyJpZCI6MTAzLCJ1cmwiOiJodHRwczpcL1wvdW5pY29udHJvbC5yc1wvd3AtY29udGVudFwvdXBsb2Fkc1wvMjAyNVwvMDdcL2JleC11bmljb250cm9sLmpwZyIsInNsaWRlc2hvdyI6IjIyOTI3NmIifQ%3D%3D\" href='https:\/\/unicontrol.rs\/wp-content\/uploads\/2025\/07\/bex-unicontrol.jpg'><img loading=\"lazy\" decoding=\"async\" width=\"600\" height=\"449\" src=\"https:\/\/unicontrol.rs\/wp-content\/uploads\/2025\/07\/bex-unicontrol.jpg\" class=\"attachment-full size-full\" alt=\"\" srcset=\"https:\/\/unicontrol.rs\/wp-content\/uploads\/2025\/07\/bex-unicontrol.jpg 600w, https:\/\/unicontrol.rs\/wp-content\/uploads\/2025\/07\/bex-unicontrol-300x225.jpg 300w\" sizes=\"(max-width: 600px) 100vw, 600px\" \/><\/a>\n\t\t\t<\/div><\/figure>\n\t\t<\/div>\n\t\t<\/div>\n\t\t\t\t\t\t<\/div>\n\t\t\t\t<div class=\"elementor-element elementor-element-74eac8d elementor-align-center elementor-invisible elementor-widget elementor-widget-button\" data-id=\"74eac8d\" data-element_type=\"widget\" data-settings=\"{&quot;_animation&quot;:&quot;fadeInDown&quot;}\" data-widget_type=\"button.default\">\n\t\t\t\t\t\t\t\t\t\t<a class=\"elementor-button elementor-button-link elementor-size-sm\" href=\"https:\/\/unicontrol.rs\/index.php\/portfolio\/\">\n\t\t\t\t\t\t<span class=\"elementor-button-content-wrapper\">\n\t\t\t\t\t\t\t\t\t<span class=\"elementor-button-text\">Pogledajte sve<\/span>\n\t\t\t\t\t<\/span>\n\t\t\t\t\t<\/a>\n\t\t\t\t\t\t\t\t<\/div>\n\t\t\t\t<\/div>\n\t\t<div class=\"elementor-element elementor-element-2278127 e-flex e-con-boxed e-con e-parent\" data-id=\"2278127\" data-element_type=\"container\">\n\t\t\t\t\t<div class=\"e-con-inner\">\n\t\t\t\t<div class=\"elementor-element elementor-element-ada903c elementor-widget elementor-widget-text-editor\" data-id=\"ada903c\" data-element_type=\"widget\" data-widget_type=\"text-editor.default\">\n\t\t\t\t\t\t\t\t\t<blockquote><p><i>Na projektu su radili na\u0161i iskusni ma\u0161inski i elektro in\u017eenjeri i tehni\u010dari, kombinuju\u0107i znanje, iskustvo i najnovije tehnologije kako bi isporu\u010dili pouzdano i skalabilno re\u0161enje za potrebe savremene logistike.\u201c<\/i><\/p><\/blockquote>\t\t\t\t\t\t\t\t<\/div>\n\t\t\t\t<div class=\"elementor-element elementor-element-145f0fe elementor-widget elementor-widget-image\" data-id=\"145f0fe\" data-element_type=\"widget\" data-widget_type=\"image.default\">\n\t\t\t\t\t\t\t\t\t\t\t\t\t\t\t<img loading=\"lazy\" decoding=\"async\" width=\"395\" height=\"124\" src=\"https:\/\/unicontrol.rs\/wp-content\/uploads\/2025\/07\/UniControl-png.png\" class=\"attachment-large size-large wp-image-133\" alt=\"\" srcset=\"https:\/\/unicontrol.rs\/wp-content\/uploads\/2025\/07\/UniControl-png.png 395w, https:\/\/unicontrol.rs\/wp-content\/uploads\/2025\/07\/UniControl-png-300x94.png 300w\" sizes=\"(max-width: 395px) 100vw, 395px\" \/>\t\t\t\t\t\t\t\t\t\t\t\t\t\t\t<\/div>\n\t\t\t\t\t<\/div>\n\t\t\t\t<\/div>\n\t\t\t\t<\/div>\n\t\t","protected":false},"excerpt":{"rendered":"<p>Pametan zavr\u0161ni korak u pakovanju \u2013 Dinami\u010dko merenje i kontrola paketa U savremenoj proizvodnji, poslednji korak \u010desto pravi klju\u010dnu razliku. Upravo zato smo za jednog od vode\u0107ih proizvo\u0111a\u010da name\u0161taja i galanterije razvili sistem za dinami\u010dko merenje i kontrolu paketa, koji u realnom vremenu proverava ispravnost svakog paketa neposredno pre etiketiranja i otpreme.\u00a0 \u0160ta smo uradili: [&hellip;]<\/p>\n","protected":false},"author":1,"featured_media":0,"parent":0,"menu_order":0,"comment_status":"closed","ping_status":"closed","template":"","meta":{"footnotes":""},"class_list":["post-159","page","type-page","status-publish","hentry","entry"],"_links":{"self":[{"href":"https:\/\/unicontrol.rs\/index.php\/wp-json\/wp\/v2\/pages\/159","targetHints":{"allow":["GET"]}}],"collection":[{"href":"https:\/\/unicontrol.rs\/index.php\/wp-json\/wp\/v2\/pages"}],"about":[{"href":"https:\/\/unicontrol.rs\/index.php\/wp-json\/wp\/v2\/types\/page"}],"author":[{"embeddable":true,"href":"https:\/\/unicontrol.rs\/index.php\/wp-json\/wp\/v2\/users\/1"}],"replies":[{"embeddable":true,"href":"https:\/\/unicontrol.rs\/index.php\/wp-json\/wp\/v2\/comments?post=159"}],"version-history":[{"count":115,"href":"https:\/\/unicontrol.rs\/index.php\/wp-json\/wp\/v2\/pages\/159\/revisions"}],"predecessor-version":[{"id":575,"href":"https:\/\/unicontrol.rs\/index.php\/wp-json\/wp\/v2\/pages\/159\/revisions\/575"}],"wp:attachment":[{"href":"https:\/\/unicontrol.rs\/index.php\/wp-json\/wp\/v2\/media?parent=159"}],"curies":[{"name":"wp","href":"https:\/\/api.w.org\/{rel}","templated":true}]}}